{"id":130,"date":"2012-10-23T16:19:07","date_gmt":"2012-10-23T16:19:07","guid":{"rendered":"https:\/\/www.warmuseum.ca\/war-of-1812\/?page_id=130"},"modified":"2012-11-29T22:22:42","modified_gmt":"2012-11-29T22:22:42","slug":"liens","status":"publish","type":"page","link":"https:\/\/www.warmuseum.ca\/war-of-1812\/liens\/","title":{"rendered":"Liens"},"content":{"rendered":"<h2>Le Centre de recherche sur l\u2019histoire militaire du Mus\u00e9e canadien de la guerre<\/h2>\n<p>Le Centre a plus de 400 articles, dont des livres rares, des brochures et des p\u00e9riodiques li\u00e9s \u00e0 la guerre de 1812 et abrite, en un m\u00eame lieu pratique, la Collection d\u2019archives George-Metcalf et la Biblioth\u00e8que Hartland-Molson. Ces importantes collections nationales contiennent des documents de recherche primaire et secondaire sur l\u2019histoire militaire du Canada, depuis la p\u00e9riode coloniale jusqu\u2019\u00e0 aujourd\u2019hui.<\/p>\n<p><a href=\"http:\/\/catalogue.warmuseum.ca\/musvw\/List.csp?Profile=CWMLIBRARY1&#038;OpacLanguage=fre&#038;SearchMethod=Find_2&#038;SearchTerm1=War%20of%201812&#038;EncodedRequest=4*ACU*24*A6*8B*A2*2EZ*D2M6*B7*AB*29*EE&#038;WebAction=NewSearch&#038;Database=1_CWM1&#038;PageType=Start&#038;Index1=1*Subjectbib&#038;NumberToRetrieve=50&#038;WebPageNr=1&#038;Location=CWMMCG\/VIMY&#038;Index2=1*Subjectbib&#038;SearchTerm2=Guerre%20de%201812&#038;BoolOp2=OR\">Catalogue en ligne<\/a><\/p>\n<h2>Guerre de 1812 et guide \u00e9ducatif<\/h2>\n<p>Cr\u00e9\u00e9 par l\u2019Institut Historica-Dominion et commandit\u00e9 par le Groupe Banque TD, ce guide sur 1812 a \u00e9t\u00e9 \u00e9labor\u00e9 \u00e0 l\u2019intention des \u00e9tudiants et des enseignants en histoire.<\/p>\n<p><a href=\"https:\/\/www.historica-dominion.ca\/1812\/pdf\/1812_french.pdf\">https:\/\/www.historica-dominion.ca\/1812\/pdf\/1812_french.pdf<\/a><\/p>\n<p>Les sites Internet suivants contiennent des renseignements suppl\u00e9mentaires additionnels sur la guerre de 1812.<\/p>\n<ul>\n<li><a href=\"http:\/\/www.aadnc-aandc.gc.ca\/fra\/1348771334472\/1348771382418\">Affaires autochtones et D\u00e9veloppement du Nord Canada : L&#8217;exposition des contributions des Autochtones \u00e0 la guerre de 1812<\/a><\/li>\n<li><a href=\"http:\/\/www.archives.gov.on.ca\/french\/on-line-exhibits\/1812\/index.aspx\">Archives publiques de l\u2019Ontario : la guerre de 1812<\/a><\/li>\n<li><a href=\"http:\/\/www.gg.ca\/document.aspx?id=14574&#038;lan=fra\">Bicentenaire de la guerre de 1812 (en anglais seulement)<\/a><\/li>\n<li><a href=\"http:\/\/www.pc.gc.ca\/apprendre-learn\/prof\/itm2-crp-trc\/htm\/1812_f.asp\">Centre ressources \u00e9ducatives de Parcs Canada : La guerre de 1812<\/a><\/li>\n<li><a href=\"http:\/\/www.legionmagazine.com\/fr\/index.php\/category\/nouvelles\/\">La Revue L\u00e9gion Nouvelles<\/a><\/li>\n<li><a href=\"http:\/\/www.cmhg.gc.ca\/html\/index-fra.asp\">Passerelle pour l\u2019histoire militaire canadienne<\/a><\/li>\n<li><a href=\"http:\/\/1812.gc.ca\/fra\/1305654894724\/1305655293741\">Site web de Patrimoine canadien sur la comm\u00e9moration de la guerre de 1812<\/a><\/li>\n<\/ul>\n","protected":false},"excerpt":{"rendered":"<p>Veuillez noter que le Mus\u00e9e canadien de la guerre n\u2019exerce aucun contr\u00f4le sur la pertinence, l\u2019actualit\u00e9 ou l\u2019exactitude du mat\u00e9riel fourni par d\u2019autres organisations ou institutions, ni n\u2019en garantit l\u2019origine ou l\u2019authenticit\u00e9.<\/p>\n","protected":false},"author":1,"featured_media":0,"parent":0,"menu_order":6,"comment_status":"open","ping_status":"open","template":"","meta":{"footnotes":""},"_links":{"self":[{"href":"https:\/\/www.warmuseum.ca\/war-of-1812\/wp-json\/wp\/v2\/pages\/130"}],"collection":[{"href":"https:\/\/www.warmuseum.ca\/war-of-1812\/wp-json\/wp\/v2\/pages"}],"about":[{"href":"https:\/\/www.warmuseum.ca\/war-of-1812\/wp-json\/wp\/v2\/types\/page"}],"author":[{"embeddable":true,"href":"https:\/\/www.warmuseum.ca\/war-of-1812\/wp-json\/wp\/v2\/users\/1"}],"replies":[{"embeddable":true,"href":"https:\/\/www.warmuseum.ca\/war-of-1812\/wp-json\/wp\/v2\/comments?post=130"}],"version-history":[{"count":9,"href":"https:\/\/www.warmuseum.ca\/war-of-1812\/wp-json\/wp\/v2\/pages\/130\/revisions"}],"predecessor-version":[{"id":2353,"href":"https:\/\/www.warmuseum.ca\/war-of-1812\/wp-json\/wp\/v2\/pages\/130\/revisions\/2353"}],"wp:attachment":[{"href":"https:\/\/www.warmuseum.ca\/war-of-1812\/wp-json\/wp\/v2\/media?parent=130"}],"curies":[{"name":"wp","href":"https:\/\/api.w.org\/{rel}","templated":true}]}}