{"id":2056,"date":"2012-11-12T18:43:02","date_gmt":"2012-11-12T18:43:02","guid":{"rendered":"https:\/\/www.warmuseum.ca\/war-of-1812\/?page_id=2056"},"modified":"2012-11-26T20:47:52","modified_gmt":"2012-11-26T20:47:52","slug":"partagez-votre-point-de-vue","status":"publish","type":"page","link":"https:\/\/www.warmuseum.ca\/war-of-1812\/votre-perspective\/partagez-votre-point-de-vue\/","title":{"rendered":"Partagez votre point de vue"},"content":{"rendered":"<div class=\"grid-row\">\n<div class=\"grid grid_4\">\n<a title=\"Qui saura vous convaincre\u00a0?\" href=\"https:\/\/www.warmuseum.ca\/war-of-1812\/votre-perspective\/partagez-votre-point-de-vue\/qui-saura-vous-convaincre\/\"><img loading=\"lazy\" decoding=\"async\" class=\"page-image\" title=\"Qui saura vous convaincre\u00a0?\" src=\"https:\/\/www.warmuseum.ca\/war-of-1812\/files\/2012\/11\/pick-personality-thb.jpg\" alt=\"Qui saura vous convaincre\u00a0?\" width=\"298\" height=\"200\" \/><\/p>\n<p class=\"caption-title\">Qui saura vous convaincre\u00a0?<\/p>\n<div class=\"hover-content\">\n<p class=\"copy\"><strong>Qui saura vous convaincre\u00a0?<\/strong><\/p>\n<p class=\"copy\">Votez pour la personnalit\u00e9 canadienne qui vous inspire le plus.<\/p>\n<\/div>\n<p><\/a>\n<\/div>\n<div class=\"grid grid_4\">\n<a title=\"Les perspectives et vous\" href=\"https:\/\/www.warmuseum.ca\/war-of-1812\/votre-perspective\/partagez-votre-point-de-vue\/les-perspectives-et-vous\/question-1\/\"><img loading=\"lazy\" decoding=\"async\" class=\"page-image\" title=\"Les perspectives et vous\" src=\"https:\/\/www.warmuseum.ca\/war-of-1812\/files\/2012\/11\/perspectives-you.jpg\" alt=\"Les perspectives et vous\" width=\"298\" height=\"200\" \/><\/p>\n<p class=\"caption-title\">Les perspectives et vous<\/p>\n<div class=\"hover-content\">\n<p class=\"copy\"><strong>Les perspectives et vous<\/strong><\/p>\n<p class=\"copy\">R\u00e9pondez au sondage interactif, Quelle est votre perspective\u00a0?<\/p>\n<\/div>\n<p><\/a>\n<\/div>\n<\/div>\n<div class=\"grid-row\">\n<div class=\"grid grid_4\">\n<a href=\"https:\/\/www.warmuseum.ca\/war-of-1812\/votre-perspective\/partagez-votre-point-de-vue\/perspectives-sur-le-canada-et-la-guerre\/question-1\/\"><img loading=\"lazy\" decoding=\"async\" class=\"page-image\" title=\"Perspectives sur le Canada et la guerre\" src=\"https:\/\/www.warmuseum.ca\/war-of-1812\/files\/2012\/11\/perspectives-ships.jpg\" alt=\"Perspectives sur le Canada et la guerre\" width=\"298\" height=\"200\" \/><\/p>\n<p class=\"caption-title\">Perspectives sur le Canada et la guerre<\/p>\n<div class=\"hover-content\">\n<p class=\"copy\"><strong>Perspectives sur le Canada et la guerre<\/strong><\/p>\n<p class=\"copy\">Ajoutez votre point de vue \u00e0 ceux autres \u00e9v\u00e9nements historiques.<\/p>\n<\/div>\n<p><\/a>\n<\/div>\n<\/div>\n","protected":false},"excerpt":{"rendered":"<p>Qui saura vous convaincre\u00a0? Qui saura vous convaincre\u00a0? Votez pour la personnalit\u00e9 canadienne qui vous inspire le plus. Les perspectives et vous Les perspectives et vous R\u00e9pondez au sondage interactif, Quelle est votre perspective\u00a0? Perspectives sur le Canada et la guerre Perspectives sur le Canada et la guerre Ajoutez votre point de vue \u00e0 ceux [&hellip;]<\/p>\n","protected":false},"author":1,"featured_media":0,"parent":63,"menu_order":1,"comment_status":"open","ping_status":"closed","template":"","meta":{"footnotes":""},"_links":{"self":[{"href":"https:\/\/www.warmuseum.ca\/war-of-1812\/wp-json\/wp\/v2\/pages\/2056"}],"collection":[{"href":"https:\/\/www.warmuseum.ca\/war-of-1812\/wp-json\/wp\/v2\/pages"}],"about":[{"href":"https:\/\/www.warmuseum.ca\/war-of-1812\/wp-json\/wp\/v2\/types\/page"}],"author":[{"embeddable":true,"href":"https:\/\/www.warmuseum.ca\/war-of-1812\/wp-json\/wp\/v2\/users\/1"}],"replies":[{"embeddable":true,"href":"https:\/\/www.warmuseum.ca\/war-of-1812\/wp-json\/wp\/v2\/comments?post=2056"}],"version-history":[{"count":7,"href":"https:\/\/www.warmuseum.ca\/war-of-1812\/wp-json\/wp\/v2\/pages\/2056\/revisions"}],"predecessor-version":[{"id":2307,"href":"https:\/\/www.warmuseum.ca\/war-of-1812\/wp-json\/wp\/v2\/pages\/2056\/revisions\/2307"}],"up":[{"embeddable":true,"href":"https:\/\/www.warmuseum.ca\/war-of-1812\/wp-json\/wp\/v2\/pages\/63"}],"wp:attachment":[{"href":"https:\/\/www.warmuseum.ca\/war-of-1812\/wp-json\/wp\/v2\/media?parent=2056"}],"curies":[{"name":"wp","href":"https:\/\/api.w.org\/{rel}","templated":true}]}}