{"id":219,"date":"2012-10-25T18:24:00","date_gmt":"2012-10-25T18:24:00","guid":{"rendered":"https:\/\/www.warmuseum.ca\/war-of-1812\/?page_id=219"},"modified":"2012-12-04T19:43:04","modified_gmt":"2012-12-04T19:43:04","slug":"la-guerre-des-americains","status":"publish","type":"page","link":"https:\/\/www.warmuseum.ca\/war-of-1812\/explorez-histoire\/la-guerre-des-americains\/","title":{"rendered":"La guerre des Am\u00e9ricains"},"content":{"rendered":"<div class=\"main-banner\">\n<img loading=\"lazy\" decoding=\"async\" class=\"size-full page-image wp-image-649\" title=\"Une vue du bombardement de Fort McHenry, pr\u00e8s de Baltimore, par la flotte britannique\u2026 le 13 septembre 1814, au matin\" src=\"https:\/\/www.warmuseum.ca\/war-of-1812\/files\/2012\/10\/3A-GR01-landing.jpg\" alt=\"Une vue du bombardement de Fort McHenry, pr\u00e8s de Baltimore, par la flotte britannique\u2026 le 13 septembre 1814, au matin\" width=\"625\" height=\"336\" srcset=\"https:\/\/www.warmuseum.ca\/war-of-1812\/files\/2012\/10\/3A-GR01-landing.jpg 625w, https:\/\/www.warmuseum.ca\/war-of-1812\/files\/2012\/10\/3A-GR01-landing-300x161.jpg 300w\" sizes=\"(max-width: 625px) 100vw, 625px\" \/><\/p>\n<div class=\"hover-content\">\n<div class=\"copy\">\n<strong>Une vue du bombardement de Fort McHenry, pr\u00e8s de Baltimore, par la flotte britannique\u2026 le 13 septembre 1814, au matin<\/strong><br \/>\n<cite>Gravure de John Bower, 1814<br \/>Gracieusement fournie par la New York Library, New York, New York<\/cite>\n<\/div>\n<\/div>\n<div class=\"caption-title\">A View of the Bombardment of Fort McHenry, near Baltimore, by the British Fleet \u2026 on the Morning of the 13th Sept. 1814<\/div>\n<\/div>\n<p>Les \u00c9tats-Unis d\u00e9clar\u00e8rent la guerre contre la Grande-Bretagne en juin 1812 parce que la Grande-Bretagne avait empi\u00e9t\u00e9 sur la souverainet\u00e9 des \u00c9tats-Unis. Bien que les forces am\u00e9ricaines n\u2019aient pas r\u00e9ussi \u00e0 conqu\u00e9rir le Canada, elles ont captur\u00e9 plusieurs fr\u00e9gates britanniques et gagn\u00e9 des batailles d\u00e9fensives lors de tentatives d\u2019invasion des \u00c9tats-Unis par les Britanniques. Les Am\u00e9ricains en sont venus \u00e0 voir cette guerre comme une exp\u00e9rience qui a favoris\u00e9 le sentiment nationaliste. La Guerre de 1812 a \u00e9galement permis de faire respecter la puissance et la souverainet\u00e9 des \u00c9tats-Unis, et a inspir\u00e9 son hymne national et consacr\u00e9 son drapeau national.<\/p>\n","protected":false},"excerpt":{"rendered":"<p>Une vue du bombardement de Fort McHenry, pr\u00e8s de Baltimore, par la flotte britannique\u2026 le 13 septembre 1814, au matin Gravure de John Bower, 1814Gracieusement fournie par la New York Library, New York, New York A View of the Bombardment of Fort McHenry, near Baltimore, by the British Fleet \u2026 on the Morning of the [&hellip;]<\/p>\n","protected":false},"author":1,"featured_media":0,"parent":121,"menu_order":1,"comment_status":"open","ping_status":"open","template":"","meta":{"footnotes":""},"_links":{"self":[{"href":"https:\/\/www.warmuseum.ca\/war-of-1812\/wp-json\/wp\/v2\/pages\/219"}],"collection":[{"href":"https:\/\/www.warmuseum.ca\/war-of-1812\/wp-json\/wp\/v2\/pages"}],"about":[{"href":"https:\/\/www.warmuseum.ca\/war-of-1812\/wp-json\/wp\/v2\/types\/page"}],"author":[{"embeddable":true,"href":"https:\/\/www.warmuseum.ca\/war-of-1812\/wp-json\/wp\/v2\/users\/1"}],"replies":[{"embeddable":true,"href":"https:\/\/www.warmuseum.ca\/war-of-1812\/wp-json\/wp\/v2\/comments?post=219"}],"version-history":[{"count":13,"href":"https:\/\/www.warmuseum.ca\/war-of-1812\/wp-json\/wp\/v2\/pages\/219\/revisions"}],"predecessor-version":[{"id":2419,"href":"https:\/\/www.warmuseum.ca\/war-of-1812\/wp-json\/wp\/v2\/pages\/219\/revisions\/2419"}],"up":[{"embeddable":true,"href":"https:\/\/www.warmuseum.ca\/war-of-1812\/wp-json\/wp\/v2\/pages\/121"}],"wp:attachment":[{"href":"https:\/\/www.warmuseum.ca\/war-of-1812\/wp-json\/wp\/v2\/media?parent=219"}],"curies":[{"name":"wp","href":"https:\/\/api.w.org\/{rel}","templated":true}]}}