{"id":417,"date":"2012-10-31T20:34:11","date_gmt":"2012-10-31T20:34:11","guid":{"rendered":"https:\/\/www.warmuseum.ca\/war-of-1812\/?page_id=417"},"modified":"2012-11-15T16:20:05","modified_gmt":"2012-11-15T16:20:05","slug":"resultats-et-lheritage","status":"publish","type":"page","link":"https:\/\/www.warmuseum.ca\/war-of-1812\/explorez-histoire\/la-guerre-des-americains\/resultats-et-lheritage\/","title":{"rendered":"R\u00e9sultats et l\u2019h\u00e9ritage"},"content":{"rendered":"<p>Les Am\u00e9ricains en sont venus \u00e0 percevoir la guerre de 1812 comme une exp\u00e9rience qui contribua \u00e0 b\u00e2tir un pays. La guerre consacra le drapeau am\u00e9ricain et donna au pays une tradition navale et un hymne national qui c\u00e9l\u00e8bre la d\u00e9fense du Fort McHenry. La guerre assura le respect de la communaut\u00e9 internationale envers la souverainet\u00e9 et la puissance des \u00c9tats-Unis.<\/p>\n<article>\n<div class=\"grid-row\">\n<div class=\"grid grid_4\">\n<a class=\"war-content\" title=\"Vers l\u2019Ouest\" href=\"https:\/\/www.warmuseum.ca\/war-of-1812\/content_assets\/vers-louest\/\"><img loading=\"lazy\" decoding=\"async\" class=\"size-full page-image wp-image-1060\" title=\"L\u2019assaut de la forteresse de Chapultepec \" src=\"https:\/\/www.warmuseum.ca\/war-of-1812\/files\/2012\/10\/3A-GR17-Storming-of-the-Fortress-of-Chapultepec-thumb.jpg\" alt=\"L\u2019assaut de la forteresse de Chapultepec\" width=\"305\" height=\"207\" srcset=\"https:\/\/www.warmuseum.ca\/war-of-1812\/files\/2012\/10\/3A-GR17-Storming-of-the-Fortress-of-Chapultepec-thumb.jpg 305w, https:\/\/www.warmuseum.ca\/war-of-1812\/files\/2012\/10\/3A-GR17-Storming-of-the-Fortress-of-Chapultepec-thumb-300x203.jpg 300w\" sizes=\"(max-width: 305px) 100vw, 305px\" \/><\/a><p class=\"caption-title\">Vers l\u2019Ouest<\/p><div class=\"hover-content\"><div class=\"copy\"><p><strong>L\u2019assaut de la forteresse de Chapultepec<\/strong><\/p><pre>Gravure de Nathaniel Currier, 1847\r\nAnne S. K. Brown Military Collection, Brown University Library, Providence, Rhode Island<\/pre><\/div><\/div>\n<\/div>\n<div class=\"grid grid_4\">\n<a class=\"war-content\" title=\"La banni\u00e8re \u00e9toil\u00e9e, 1873\" href=\"https:\/\/www.warmuseum.ca\/war-of-1812\/content_assets\/la-banniere-etoilee-1873\/\"><img loading=\"lazy\" decoding=\"async\" class=\"size-full page-image wp-image-1070\" title=\"La banni\u00e8re \u00e9toil\u00e9e\" src=\"https:\/\/www.warmuseum.ca\/war-of-1812\/files\/2012\/10\/3A-GR18-Star-Spangled-Banner-thumb.jpg\" alt=\"La banni\u00e8re \u00e9toil\u00e9e\" width=\"305\" height=\"207\" srcset=\"https:\/\/www.warmuseum.ca\/war-of-1812\/files\/2012\/10\/3A-GR18-Star-Spangled-Banner-thumb.jpg 305w, https:\/\/www.warmuseum.ca\/war-of-1812\/files\/2012\/10\/3A-GR18-Star-Spangled-Banner-thumb-300x203.jpg 300w\" sizes=\"(max-width: 305px) 100vw, 305px\" \/><\/a><p class=\"caption-title\">La banni\u00e8re \u00e9toil\u00e9e, 1873<\/p><div class=\"hover-content\"><div class=\"copy\"><p><strong>La banni\u00e8re \u00e9toil\u00e9e \r\n<\/strong><\/p><pre>American Antiquarian Society, Worcester, Massachusetts<\/pre><\/div><\/div>\n<\/div>\n<\/div>\n<div class=\"grid-row\">\n<div class=\"grid grid_4\">\n<a class=\"war-content\" title=\"Souvenirs patriotiques\" href=\"https:\/\/www.warmuseum.ca\/war-of-1812\/content_assets\/souvenirs-patriotiques\/\"><img loading=\"lazy\" decoding=\"async\" class=\"size-full page-image wp-image-1078\" title=\"Souvenirs patriotiques\" src=\"https:\/\/www.warmuseum.ca\/war-of-1812\/files\/2012\/10\/3A-GR20-T-shirt-thumb.jpg\" alt=\"Souvenirs patriotiques\" width=\"305\" height=\"207\" srcset=\"https:\/\/www.warmuseum.ca\/war-of-1812\/files\/2012\/10\/3A-GR20-T-shirt-thumb.jpg 305w, https:\/\/www.warmuseum.ca\/war-of-1812\/files\/2012\/10\/3A-GR20-T-shirt-thumb-300x203.jpg 300w\" sizes=\"(max-width: 305px) 100vw, 305px\" \/><\/a><p class=\"caption-title\">Souvenirs patriotiques<\/p><div class=\"hover-content\"><div class=\"copy\"><p><strong>Souvenirs patriotiques<\/strong><\/p><pre>MCG 20110096-001<\/pre><\/div><\/div>\n<\/div>\n<\/div>\n<\/article>\n","protected":false},"excerpt":{"rendered":"<p>Les Am\u00e9ricains en sont venus \u00e0 percevoir la guerre de 1812 comme une exp\u00e9rience qui contribua \u00e0 b\u00e2tir un pays. La guerre consacra le drapeau am\u00e9ricain et donna au pays une tradition navale et un hymne national qui c\u00e9l\u00e8bre la d\u00e9fense du Fort McHenry. La guerre assura le respect de la communaut\u00e9 internationale envers la [&hellip;]<\/p>\n","protected":false},"author":1,"featured_media":0,"parent":219,"menu_order":4,"comment_status":"open","ping_status":"open","template":"","meta":{"footnotes":""},"_links":{"self":[{"href":"https:\/\/www.warmuseum.ca\/war-of-1812\/wp-json\/wp\/v2\/pages\/417"}],"collection":[{"href":"https:\/\/www.warmuseum.ca\/war-of-1812\/wp-json\/wp\/v2\/pages"}],"about":[{"href":"https:\/\/www.warmuseum.ca\/war-of-1812\/wp-json\/wp\/v2\/types\/page"}],"author":[{"embeddable":true,"href":"https:\/\/www.warmuseum.ca\/war-of-1812\/wp-json\/wp\/v2\/users\/1"}],"replies":[{"embeddable":true,"href":"https:\/\/www.warmuseum.ca\/war-of-1812\/wp-json\/wp\/v2\/comments?post=417"}],"version-history":[{"count":10,"href":"https:\/\/www.warmuseum.ca\/war-of-1812\/wp-json\/wp\/v2\/pages\/417\/revisions"}],"predecessor-version":[{"id":2145,"href":"https:\/\/www.warmuseum.ca\/war-of-1812\/wp-json\/wp\/v2\/pages\/417\/revisions\/2145"}],"up":[{"embeddable":true,"href":"https:\/\/www.warmuseum.ca\/war-of-1812\/wp-json\/wp\/v2\/pages\/219"}],"wp:attachment":[{"href":"https:\/\/www.warmuseum.ca\/war-of-1812\/wp-json\/wp\/v2\/media?parent=417"}],"curies":[{"name":"wp","href":"https:\/\/api.w.org\/{rel}","templated":true}]}}