{"id":418,"date":"2012-10-31T19:47:48","date_gmt":"2012-10-31T19:47:48","guid":{"rendered":"https:\/\/www.warmuseum.ca\/war-of-1812\/?page_id=418"},"modified":"2012-11-27T05:09:23","modified_gmt":"2012-11-27T05:09:23","slug":"lexperience-de-la-guerre","status":"publish","type":"page","link":"https:\/\/www.warmuseum.ca\/war-of-1812\/explorez-histoire\/la-guerre-des-americains\/lexperience-de-la-guerre\/","title":{"rendered":"L\u2019exp\u00e9rience de la guerre"},"content":{"rendered":"<div class=\"accordion\">\n<h2>L&#8217;invasion du Canada<\/h2>\n<div class=\"accordionPane\">\n<p>Une s\u00e9rie d\u2019invasions du Canada, par les Am\u00e9ricains, mena \u00e0 l\u2019effritement d\u2019une coalition des Autochtones am\u00e9ricains, mais pas \u00e0 la conqu\u00eate de la colonie britannique.<\/p>\n<div class=\"grid-row\">\n<div class=\"grid grid_4\">\n<a class=\"war-content\" title=\"Batailles rang\u00e9es\" href=\"https:\/\/www.warmuseum.ca\/war-of-1812\/content_assets\/batailles-rangees\/\"><img loading=\"lazy\" decoding=\"async\" class=\"size-full wp-image-984 page-image\" title=\"Des cavaliers du colonel Johnsons chargent un groupe form\u00e9 d\u2019artilleurs britanniques et d\u2019Indiens, \u00e0 la bataille qui s\u2019est d\u00e9roul\u00e9e pr\u00e8s de Moravian Town, le 2\u00a0octobre 1813 \" src=\"https:\/\/www.warmuseum.ca\/war-of-1812\/files\/2012\/10\/3A-GR09-Fighting-Battles-thumb.jpg\" alt=\"Des cavaliers du colonel Johnsons chargent un groupe form\u00e9 d\u2019artilleurs britanniques et d\u2019Indiens, \u00e0 la bataille qui s\u2019est d\u00e9roul\u00e9e pr\u00e8s de Moravian Town, le 2\u00a0octobre 1813\" width=\"305\" height=\"207\" srcset=\"https:\/\/www.warmuseum.ca\/war-of-1812\/files\/2012\/10\/3A-GR09-Fighting-Battles-thumb.jpg 305w, https:\/\/www.warmuseum.ca\/war-of-1812\/files\/2012\/10\/3A-GR09-Fighting-Battles-thumb-300x203.jpg 300w\" sizes=\"(max-width: 305px) 100vw, 305px\" \/><\/a><p class=\"caption-title\">Batailles rang\u00e9es<\/p><div class=\"hover-content\"><div class=\"copy\"><p><strong>Des cavaliers du colonel Johnsons chargent un groupe form\u00e9 d\u2019artilleurs britanniques et d\u2019Indiens, \u00e0 la bataille qui s\u2019est d\u00e9roul\u00e9e pr\u00e8s de Moravian Town, le 2\u00a0octobre 1813<\/strong><\/p><pre>Gravure de Ralf Rawdon\r\nAnne S. K. Brown Military Collection,\r\nBrown University, Providence, Rhode Island<\/pre><\/div><\/div>\n<\/div>\n<div class=\"grid grid_4\">\n<a class=\"war-content\" title=\"Tunique de la milice de l\u2019\u00c9tat de New York\" href=\"https:\/\/www.warmuseum.ca\/war-of-1812\/content_assets\/tunique-de-la-milice-de-letat-de-new-york\/\"><img loading=\"lazy\" decoding=\"async\" class=\"size-full page-image wp-image-993\" title=\"Tunique de la milice de l\u2019\u00c9tat de New York\" src=\"https:\/\/www.warmuseum.ca\/war-of-1812\/files\/2012\/10\/3A-GR10-New-York-State-Militia-Coat-thumb.jpg\" alt=\"Tunique de la milice de l\u2019\u00c9tat de New York\" width=\"305\" height=\"207\" srcset=\"https:\/\/www.warmuseum.ca\/war-of-1812\/files\/2012\/10\/3A-GR10-New-York-State-Militia-Coat-thumb.jpg 305w, https:\/\/www.warmuseum.ca\/war-of-1812\/files\/2012\/10\/3A-GR10-New-York-State-Militia-Coat-thumb-300x203.jpg 300w\" sizes=\"(max-width: 305px) 100vw, 305px\" \/><\/a><p class=\"caption-title\">Tunique de la milice de l\u2019\u00c9tat de New York<\/p><div class=\"hover-content\"><div class=\"copy\"><p><strong>Tunique de la milice de l\u2019\u00c9tat de New York<\/strong><\/p><pre>MCG 19780515-022<\/pre><\/div><\/div>\n<\/div>\n<\/div>\n<\/div>\n<h2>Triomphes de la marine <\/h2>\n<div class=\"accordionPane\">\n<p> Des victoires r\u00e9p\u00e9t\u00e9es sur la Royal Navy \u00e9tablirent une fi\u00e8re tradition navale am\u00e9ricaine.<\/p>\n<div class=\"grid-row\">\n<div class=\"grid grid_4\">\n<a class=\"war-content\" title=\"Le USS Constitution\" href=\"https:\/\/www.warmuseum.ca\/war-of-1812\/content_assets\/le-uss-constitution\/\"><img loading=\"lazy\" decoding=\"async\" class=\"size-full page-image wp-image-1001\" title=\"Affrontement entre la fr\u00e9gate am\u00e9ricaine Constitution et le HMS Guerriere \" src=\"https:\/\/www.warmuseum.ca\/war-of-1812\/files\/2012\/10\/3A-GR11-USS-Constitution-thumb.jpg\" alt=\"Affrontement entre la fr\u00e9gate am\u00e9ricaine Constitution et le HMS Guerriere\" width=\"305\" height=\"207\" srcset=\"https:\/\/www.warmuseum.ca\/war-of-1812\/files\/2012\/10\/3A-GR11-USS-Constitution-thumb.jpg 305w, https:\/\/www.warmuseum.ca\/war-of-1812\/files\/2012\/10\/3A-GR11-USS-Constitution-thumb-300x203.jpg 300w\" sizes=\"(max-width: 305px) 100vw, 305px\" \/><\/a><p class=\"caption-title\">Le USS Constitution<\/p><div class=\"hover-content\"><div class=\"copy\"><p><strong>Affrontement entre la fr\u00e9gate am\u00e9ricaine Constitution et le HMS Guerriere<\/strong><\/p><pre>Peinture de Carlton Chapman, 1895\r\nGracieusement fournie par la New-York Historical Society, New York, New York<\/pre><\/div><\/div>\n<\/div>\n<div class=\"grid grid_4\">\n<a class=\"war-content\" title=\"Un symbole de la victoire\" href=\"https:\/\/www.warmuseum.ca\/war-of-1812\/content_assets\/un-symbole-de-la-victoire\/\"><img loading=\"lazy\" decoding=\"async\" class=\"size-full page-image wp-image-1009\" title=\"Un symbole de la victoire\" src=\"https:\/\/www.warmuseum.ca\/war-of-1812\/files\/2012\/10\/3A-GR12-A-Symbol-of-Victory-thumb.jpg\" alt=\"Un symbole de la victoire\" width=\"305\" height=\"207\" srcset=\"https:\/\/www.warmuseum.ca\/war-of-1812\/files\/2012\/10\/3A-GR12-A-Symbol-of-Victory-thumb.jpg 305w, https:\/\/www.warmuseum.ca\/war-of-1812\/files\/2012\/10\/3A-GR12-A-Symbol-of-Victory-thumb-300x203.jpg 300w\" sizes=\"(max-width: 305px) 100vw, 305px\" \/><\/a><p class=\"caption-title\">Un symbole de la victoire<\/p><div class=\"hover-content\"><div class=\"copy\"><p><strong>Sculpture en bois<\/strong><\/p><pre>United States Naval Academy Museum, Annapolis, Maryland<\/pre><\/div><\/div>\n<\/div>\n<\/div>\n<div class=\"grid-row\">\n<div class=\"grid grid_4\">\n<a class=\"war-content\" title=\"La bataille du lac \u00c9ri\u00e9\" href=\"https:\/\/www.warmuseum.ca\/war-of-1812\/content_assets\/la-bataille-du-lac-erie\/\"><img loading=\"lazy\" decoding=\"async\" class=\"size-full page-image wp-image-1017\" title=\"La bataille du lac \u00c9ri\u00e9\" src=\"https:\/\/www.warmuseum.ca\/war-of-1812\/files\/2012\/10\/3A-GR13-Battle-of-Lake-Erie-thumb.jpg\" alt=\"La bataille du lac \u00c9ri\u00e9\" width=\"305\" height=\"207\" srcset=\"https:\/\/www.warmuseum.ca\/war-of-1812\/files\/2012\/10\/3A-GR13-Battle-of-Lake-Erie-thumb.jpg 305w, https:\/\/www.warmuseum.ca\/war-of-1812\/files\/2012\/10\/3A-GR13-Battle-of-Lake-Erie-thumb-300x203.jpg 300w\" sizes=\"(max-width: 305px) 100vw, 305px\" \/><\/a><p class=\"caption-title\">La bataille du lac \u00c9ri\u00e9<\/p><div class=\"hover-content\"><div class=\"copy\"><p><strong>M\u00e9daillon La bataille du lac \u00c9ri\u00e9<\/strong><\/p><pre>Collection comm\u00e9morative Tilston de m\u00e9dailles militaires canadiennes\r\nMCG 19760209-002<\/pre><\/div><\/div>\n<\/div>\n<\/div>\n<\/div>\n<h2>L\u2019Am\u00e9rique assi\u00e9g\u00e9e<\/h2>\n<div class=\"accordionPane\">\n<p>Les Am\u00e9ricains connurent la guerre chez eux comme pays et peuple, isol\u00e9s par un blocus et subissant les attaques des Britanniques.<\/p>\n<div class=\"grid-row\">\n<div class=\"grid grid_4\">\n<a class=\"war-content\" title=\"Une pi\u00e8ce de bois de la Maison Blanche\" href=\"https:\/\/www.warmuseum.ca\/war-of-1812\/content_assets\/une-piece-de-bois-de-la-maison-blanche\/\"><img loading=\"lazy\" decoding=\"async\" class=\"size-full page-image wp-image-1025\" title=\"Une pi\u00e8ce de bois de la Maison Blanche\" src=\"https:\/\/www.warmuseum.ca\/war-of-1812\/files\/2012\/10\/3A-GR14-A-Piece-of-the-White-House-thumb.jpg\" alt=\"Une pi\u00e8ce de bois de la Maison Blanche\" width=\"305\" height=\"207\" srcset=\"https:\/\/www.warmuseum.ca\/war-of-1812\/files\/2012\/10\/3A-GR14-A-Piece-of-the-White-House-thumb.jpg 305w, https:\/\/www.warmuseum.ca\/war-of-1812\/files\/2012\/10\/3A-GR14-A-Piece-of-the-White-House-thumb-300x203.jpg 300w\" sizes=\"(max-width: 305px) 100vw, 305px\" \/><\/a><p class=\"caption-title\">Une pi\u00e8ce de bois de la Maison Blanche<\/p><div class=\"hover-content\"><div class=\"copy\"><p><strong>Une pi\u00e8ce de bois de la Maison Blanche<\/strong><\/p><pre>Gerald R. Ford Presidential Library and Museum, Grand Rapids, Michigan<\/pre><\/div><\/div>\n<\/div>\n<div class=\"grid grid_4\">\n<a class=\"war-content\" title=\"Le bombardement de Fort McHenry\" href=\"https:\/\/www.warmuseum.ca\/war-of-1812\/content_assets\/le-bombardement-de-fort-mchenry\/\"><img loading=\"lazy\" decoding=\"async\" class=\"size-full page-image wp-image-1033\" title=\"Une vue du bombardement de Fort McHenry, pr\u00e8s de Baltimore, par la flotte britannique\u2026 le 13 septembre 1814, au matin \" src=\"https:\/\/www.warmuseum.ca\/war-of-1812\/files\/2012\/10\/3A-GR01-The-Bombardment-of-Fort-McHenry-thumb.jpg\" alt=\"Une vue du bombardement de Fort McHenry, pr\u00e8s de Baltimore, par la flotte britannique\u2026 le 13 septembre 1814, au matin\" width=\"305\" height=\"207\" srcset=\"https:\/\/www.warmuseum.ca\/war-of-1812\/files\/2012\/10\/3A-GR01-The-Bombardment-of-Fort-McHenry-thumb.jpg 305w, https:\/\/www.warmuseum.ca\/war-of-1812\/files\/2012\/10\/3A-GR01-The-Bombardment-of-Fort-McHenry-thumb-300x203.jpg 300w\" sizes=\"(max-width: 305px) 100vw, 305px\" \/><\/a><p class=\"caption-title\">Le bombardement de Fort McHenry<\/p><div class=\"hover-content\"><div class=\"copy\"><p><strong>Une vue du bombardement de Fort McHenry, pr\u00e8s de Baltimore, par la flotte britannique\u2026 le 13 septembre 1814, au matin<\/strong><\/p><pre>Gravure de John Bower, 1814\r\nAnne S.\u00a0K. Brown Military Collection, Brown University Library, Providence, Rhode Island<\/pre><\/div><\/div>\n<\/div>\n<\/div>\n<\/div>\n<h2>Victoire am\u00e9ricaine <\/h2>\n<div class=\"accordionPane\">\n<p>Les forces am\u00e9ricaines remport\u00e8rent la derni\u00e8re bataille de la guerre de 1812, \u00e0 la Nouvelle-Orl\u00e9ans, en Louisiane, en janvier 1815.<\/p>\n<div class=\"grid-row\">\n<div class=\"grid grid_4\">\n<a class=\"war-content\" title=\"La victoire finale\" href=\"https:\/\/www.warmuseum.ca\/war-of-1812\/content_assets\/la-victoire-finale\/\"><img loading=\"lazy\" decoding=\"async\" class=\"size-full page-image wp-image-1042\" title=\"La bataille de la Nouvelle-Orl\u00e9ans\" src=\"https:\/\/www.warmuseum.ca\/war-of-1812\/files\/2012\/10\/3A-GR15-Final-Victory-thumb.jpg\" alt=\"La bataille de la Nouvelle-Orl\u00e9ans\" width=\"305\" height=\"207\" srcset=\"https:\/\/www.warmuseum.ca\/war-of-1812\/files\/2012\/10\/3A-GR15-Final-Victory-thumb.jpg 305w, https:\/\/www.warmuseum.ca\/war-of-1812\/files\/2012\/10\/3A-GR15-Final-Victory-thumb-300x203.jpg 300w\" sizes=\"(max-width: 305px) 100vw, 305px\" \/><\/a><p class=\"caption-title\">La victoire finale<\/p><div class=\"hover-content\"><div class=\"copy\"><p><strong>La bataille de la Nouvelle-Orl\u00e9ans<\/strong><\/p><pre>Peinture de Jean-Hyacinthe Laclotte, 1815\r\nNew Orleans Museum of Art, New Orleans, Louisiana<\/pre><\/div><\/div>\n<\/div>\n<div class=\"grid grid_4\">\n<a class=\"war-content\" title=\"Carabine Baker, mod\u00e8le 1805\" href=\"https:\/\/www.warmuseum.ca\/war-of-1812\/content_assets\/carabine-baker-modele-1805\/\"><img loading=\"lazy\" decoding=\"async\" class=\"size-full page-image wp-image-1050\" title=\"Carabine Baker, mod\u00e8le 1805\" src=\"https:\/\/www.warmuseum.ca\/war-of-1812\/files\/2012\/10\/3A-GR16-Baker-Rifle-thumb.jpg\" alt=\"Carabine Baker, mod\u00e8le 1805\" width=\"305\" height=\"207\" srcset=\"https:\/\/www.warmuseum.ca\/war-of-1812\/files\/2012\/10\/3A-GR16-Baker-Rifle-thumb.jpg 305w, https:\/\/www.warmuseum.ca\/war-of-1812\/files\/2012\/10\/3A-GR16-Baker-Rifle-thumb-300x203.jpg 300w\" sizes=\"(max-width: 305px) 100vw, 305px\" \/><\/a><p class=\"caption-title\">Carabine Baker, mod\u00e8le 1805<\/p><div class=\"hover-content\"><div class=\"copy\"><p><strong>Carabine Baker, mod\u00e8le 1805<\/strong><\/p><pre>MCG 20010254-003<\/pre><\/div><\/div>\n<\/div>\n<\/div>\n<\/div>\n<\/div>\n","protected":false},"excerpt":{"rendered":"<p>L&#8217;invasion du Canada Une s\u00e9rie d\u2019invasions du Canada, par les Am\u00e9ricains, mena \u00e0 l\u2019effritement d\u2019une coalition des Autochtones am\u00e9ricains, mais pas \u00e0 la conqu\u00eate de la colonie britannique. Triomphes de la marine Des victoires r\u00e9p\u00e9t\u00e9es sur la Royal Navy \u00e9tablirent une fi\u00e8re tradition navale am\u00e9ricaine. L\u2019Am\u00e9rique assi\u00e9g\u00e9e Les Am\u00e9ricains connurent la guerre chez eux comme [&hellip;]<\/p>\n","protected":false},"author":1,"featured_media":0,"parent":219,"menu_order":3,"comment_status":"open","ping_status":"open","template":"","meta":{"footnotes":""},"_links":{"self":[{"href":"https:\/\/www.warmuseum.ca\/war-of-1812\/wp-json\/wp\/v2\/pages\/418"}],"collection":[{"href":"https:\/\/www.warmuseum.ca\/war-of-1812\/wp-json\/wp\/v2\/pages"}],"about":[{"href":"https:\/\/www.warmuseum.ca\/war-of-1812\/wp-json\/wp\/v2\/types\/page"}],"author":[{"embeddable":true,"href":"https:\/\/www.warmuseum.ca\/war-of-1812\/wp-json\/wp\/v2\/users\/1"}],"replies":[{"embeddable":true,"href":"https:\/\/www.warmuseum.ca\/war-of-1812\/wp-json\/wp\/v2\/comments?post=418"}],"version-history":[{"count":21,"href":"https:\/\/www.warmuseum.ca\/war-of-1812\/wp-json\/wp\/v2\/pages\/418\/revisions"}],"predecessor-version":[{"id":2328,"href":"https:\/\/www.warmuseum.ca\/war-of-1812\/wp-json\/wp\/v2\/pages\/418\/revisions\/2328"}],"up":[{"embeddable":true,"href":"https:\/\/www.warmuseum.ca\/war-of-1812\/wp-json\/wp\/v2\/pages\/219"}],"wp:attachment":[{"href":"https:\/\/www.warmuseum.ca\/war-of-1812\/wp-json\/wp\/v2\/media?parent=418"}],"curies":[{"name":"wp","href":"https:\/\/api.w.org\/{rel}","templated":true}]}}