{"id":433,"date":"2012-10-31T20:27:55","date_gmt":"2012-10-31T20:27:55","guid":{"rendered":"https:\/\/www.warmuseum.ca\/war-of-1812\/?page_id=433"},"modified":"2012-11-05T18:52:27","modified_gmt":"2012-11-05T18:52:27","slug":"la-guerre-des-britanniques","status":"publish","type":"page","link":"https:\/\/www.warmuseum.ca\/war-of-1812\/explorez-histoire\/la-guerre-des-britanniques\/","title":{"rendered":"La guerre des Britanniques"},"content":{"rendered":"<div id=\"attachment_611\" style=\"width: 635px\" class=\"wp-caption alignnone\"><img loading=\"lazy\" decoding=\"async\" aria-describedby=\"caption-attachment-611\" src=\"https:\/\/www.warmuseum.ca\/war-of-1812\/files\/2012\/10\/3B-GR01-Heath-Boarding-and-Taking-the-American-ship-Chesapeake3.jpg\" alt=\"Abordage et capture du vaisseau am\u00e9ricain Chesapeake par les officiers et les membres d\u2019\u00e9quipage du navire de Sa Majest\u00e9, le Shannon, sous le commandement du capitaine Broke, juin 1813\" title=\"Abordage et capture du vaisseau am\u00e9ricain Chesapeake par les officiers et les membres d\u2019\u00e9quipage du navire de Sa Majest\u00e9, le Shannon, sous le commandement du capitaine Broke, juin 1813\" width=\"625\" height=\"336\" class=\"size-full page-image wp-image-611\" srcset=\"https:\/\/www.warmuseum.ca\/war-of-1812\/files\/2012\/10\/3B-GR01-Heath-Boarding-and-Taking-the-American-ship-Chesapeake3.jpg 625w, https:\/\/www.warmuseum.ca\/war-of-1812\/files\/2012\/10\/3B-GR01-Heath-Boarding-and-Taking-the-American-ship-Chesapeake3-300x161.jpg 300w\" sizes=\"(max-width: 625px) 100vw, 625px\" \/><p id=\"caption-attachment-611\" class=\"wp-caption-text\">Abordage et capture du vaisseau am\u00e9ricain Chesapeake par les officiers et les membres d\u2019\u00e9quipage du navire de Sa Majest\u00e9, le Shannon, sous le commandement du capitaine Broke, juin 1813<\/p><\/div>\n<p> Lorsque les Britanniques se rappellent le d\u00e9but du XIXe si\u00e8cle, ils se souviennent des guerres napol\u00e9oniennes, pas de la guerre de 1812. Pour appuyer leur guerre contre la France, les Britanniques ont forc\u00e9 des marins de bateaux am\u00e9ricains \u00e0 se joindre \u00e0 la Royal Navy et ont tent\u00e9 de contr\u00f4ler le commerce am\u00e9ricain avec l\u2019Europe occup\u00e9e par la France. Lorsque les \u00c9tats-Unis ont r\u00e9agi en d\u00e9clarant la guerre, la Grande-Bretagne a d\u00e9fendu le Canada et a impos\u00e9 un blocus sur les ports am\u00e9ricains, mais elle n\u2019a jamais perdu de vue son but principal\u00a0: vaincre Napol\u00e9on. <\/p>\n","protected":false},"excerpt":{"rendered":"<p>Lorsque les Britanniques se rappellent le d\u00e9but du XIXe si\u00e8cle, ils se souviennent des guerres napol\u00e9oniennes, pas de la guerre de 1812. Pour appuyer leur guerre contre la France, les Britanniques ont forc\u00e9 des marins de bateaux am\u00e9ricains \u00e0 se joindre \u00e0 la Royal Navy et ont tent\u00e9 de contr\u00f4ler le commerce am\u00e9ricain avec l\u2019Europe [&hellip;]<\/p>\n","protected":false},"author":1,"featured_media":0,"parent":121,"menu_order":2,"comment_status":"open","ping_status":"open","template":"","meta":{"footnotes":""},"_links":{"self":[{"href":"https:\/\/www.warmuseum.ca\/war-of-1812\/wp-json\/wp\/v2\/pages\/433"}],"collection":[{"href":"https:\/\/www.warmuseum.ca\/war-of-1812\/wp-json\/wp\/v2\/pages"}],"about":[{"href":"https:\/\/www.warmuseum.ca\/war-of-1812\/wp-json\/wp\/v2\/types\/page"}],"author":[{"embeddable":true,"href":"https:\/\/www.warmuseum.ca\/war-of-1812\/wp-json\/wp\/v2\/users\/1"}],"replies":[{"embeddable":true,"href":"https:\/\/www.warmuseum.ca\/war-of-1812\/wp-json\/wp\/v2\/comments?post=433"}],"version-history":[{"count":9,"href":"https:\/\/www.warmuseum.ca\/war-of-1812\/wp-json\/wp\/v2\/pages\/433\/revisions"}],"predecessor-version":[{"id":1264,"href":"https:\/\/www.warmuseum.ca\/war-of-1812\/wp-json\/wp\/v2\/pages\/433\/revisions\/1264"}],"up":[{"embeddable":true,"href":"https:\/\/www.warmuseum.ca\/war-of-1812\/wp-json\/wp\/v2\/pages\/121"}],"wp:attachment":[{"href":"https:\/\/www.warmuseum.ca\/war-of-1812\/wp-json\/wp\/v2\/media?parent=433"}],"curies":[{"name":"wp","href":"https:\/\/api.w.org\/{rel}","templated":true}]}}