{"id":44,"date":"2012-10-22T18:14:57","date_gmt":"2012-10-22T18:14:57","guid":{"rendered":"https:\/\/www.warmuseum.ca\/war-of-1812\/?page_id=44"},"modified":"2012-11-27T04:59:34","modified_gmt":"2012-11-27T04:59:34","slug":"faq-1812","status":"publish","type":"page","link":"https:\/\/www.warmuseum.ca\/war-of-1812\/faq-1812\/","title":{"rendered":"FAQ 1812"},"content":{"rendered":"<div id=\"attachment_1944\" style=\"width: 635px\" class=\"wp-caption alignnone\"><a class=\"war-content\" href=\"https:\/\/www.warmuseum.ca\/war-of-1812\/files\/2012\/10\/2-GR01-H1_Map_Oct-231.jpg\"><img loading=\"lazy\" decoding=\"async\" aria-describedby=\"caption-attachment-1944\" class=\"size-full wp-image-1944 page-image \" title=\"Guerre de 1812 Carte du Monde\" src=\"https:\/\/www.warmuseum.ca\/war-of-1812\/files\/2012\/10\/war-1812-map.jpg\" alt=\"Guerre de 1812 Carte du Monde\" width=\"625\" height=\"336\" srcset=\"https:\/\/www.warmuseum.ca\/war-of-1812\/files\/2012\/10\/war-1812-map.jpg 625w, https:\/\/www.warmuseum.ca\/war-of-1812\/files\/2012\/10\/war-1812-map-300x161.jpg 300w\" sizes=\"(max-width: 625px) 100vw, 625px\" \/><\/a><p id=\"caption-attachment-1944\" class=\"wp-caption-text\">Guerre de 1812 Carte du Monde<\/p><\/div>\n<div class=\"accordion faq\">\n<h2>Quand a-t-elle eu lieu\u00a0?<\/h2>\n<div class=\"accordionPane\">\n<ul>\n<li>Elle a commenc\u00e9 en juin\u00a01812 et s\u2019est termin\u00e9e en f\u00e9vrier\u00a01815.<\/li>\n<\/ul>\n<\/div>\n<h2>O\u00f9 a-t-elle eu lieu\u00a0?<\/h2>\n<div class=\"accordionPane\">\n<ul>\n<li>\u00c0 la fronti\u00e8re entre les \u00c9tats-Unis et le Canada et dans la r\u00e9gion des Grands Lacs<\/li>\n<li>Sur les c\u00f4tes de l\u2019Atlantique et du golfe du Mexique, en Am\u00e9rique du Nord<\/li>\n<li>Dans l\u2019oc\u00e9an Atlantique<\/li>\n<\/ul>\n<\/div>\n<h2>Qui participa \u00e0 cette guerre\u00a0?<\/h2>\n<div class=\"accordionPane\">\n<ul>\n<li><strong>Les Am\u00e9ricains <\/strong><br \/>\nLes citoyens et les r\u00e9sidants de ce qui est maintenant les \u00c9tats-Unis.<\/li>\n<li><strong>Les Britanniques<\/strong><br \/>\nLes sujets britanniques vivant en Grande-Bretagne ou servant dans l\u2019arm\u00e9e britannique ou la Royal Navy.<\/li>\n<li><strong>Les Canadiens<\/strong><br \/>\nLes francophones et les anglophones (qui \u00e9taient des sujets britanniques), et des membres des Premiers Peuples (qui \u00e9taient des alli\u00e9s ind\u00e9pendants de la Couronne), qui vivaient dans les colonies de Terre-Neuve, de la Nouvelle-\u00c9cosse, de l\u2019\u00eele du Cap-Breton, de l\u2019\u00cele-du-Prince-\u00c9douard, du Nouveau-Brunswick, du Bas-Canada (Qu\u00e9bec) et du Haut-Canada (Ontario).<\/li>\n<li><strong>Les Autochtones am\u00e9ricains<\/strong><br \/>\nLes Autochtones qui vivaient dans les territoires de ce qui est maintenant les \u00c9tats-Unis et qui se battirent pour ou contre le gouvernement am\u00e9ricain. Quelques-uns faisaient partie de peuples comme les Anishnaabe, dont le territoire traditionnel \u00e9tait divis\u00e9 par la fronti\u00e8re entre le Canada et les \u00c9tats-Unis.<\/li>\n<\/ul>\n<\/div>\n<h2>Qu\u2019est-il arriv\u00e9 pendant la guerre\u00a0?<\/h2>\n<div class=\"accordionPane\">\n<ul>\n<li>Des arm\u00e9es am\u00e9ricaines envahirent le Canada.<\/li>\n<li>Des arm\u00e9es britanniques envahirent les \u00c9tats-Unis.<\/li>\n<li>Des fr\u00e9gates de la marine des \u00c9tats-Unis vainquirent celles de la Grande-Bretagne.<\/li>\n<li>La Royal Navy imposa un blocus des \u00c9tats-Unis, paralysant leur \u00e9conomie, et lan\u00e7a des raids de le mer, notamment sur Washington, Baltimore et la Nouvelle-Orl\u00e9ans.<\/li>\n<li>Des Autochtones am\u00e9ricains particip\u00e8rent \u00e0 la d\u00e9fense du Haut-Canada, mais ne r\u00e9ussirent pas \u00e0 gagner leur propre guerre contre les \u00c9tats-Unis.<\/li>\n<li>Des guerriers des Premiers Peuples, ainsi que les francophones et les anglophones de la milice et les membres de la force r\u00e9guli\u00e8re de la colonie, aid\u00e8rent la force r\u00e9guli\u00e8re britannique \u00e0 d\u00e9fendre le Canada.<\/li>\n<\/ul>\n<\/div>\n<h2>Comment cette guerre se termina-t-elle\u00a0?<\/h2>\n<div class=\"accordionPane\">\n<ul>\n<li>Ni la Grande-Bretagne, ni les \u00c9tats-Unis ne r\u00e9ussirent \u00e0 vaincre l\u2019autre.<\/li>\n<li>Les deux gouvernements d\u00e9cid\u00e8rent de n\u00e9gocier la paix.<\/li>\n<li>Le trait\u00e9 de Gand mit fin \u00e0 la guerre en f\u00e9vrier\u00a01815, mais laissa les territoires des Autochtones am\u00e9ricains expos\u00e9s \u00e0 un empi\u00e8tement futur par les Am\u00e9ricains.<\/li>\n<\/ul>\n<\/div>\n<\/div>\n","protected":false},"excerpt":{"rendered":"<p>Quand a-t-elle eu lieu\u00a0? Elle a commenc\u00e9 en juin\u00a01812 et s\u2019est termin\u00e9e en f\u00e9vrier\u00a01815. O\u00f9 a-t-elle eu lieu\u00a0? \u00c0 la fronti\u00e8re entre les \u00c9tats-Unis et le Canada et dans la r\u00e9gion des Grands Lacs Sur les c\u00f4tes de l\u2019Atlantique et du golfe du Mexique, en Am\u00e9rique du Nord Dans l\u2019oc\u00e9an Atlantique Qui participa \u00e0 cette [&hellip;]<\/p>\n","protected":false},"author":1,"featured_media":0,"parent":0,"menu_order":2,"comment_status":"open","ping_status":"open","template":"","meta":{"footnotes":""},"_links":{"self":[{"href":"https:\/\/www.warmuseum.ca\/war-of-1812\/wp-json\/wp\/v2\/pages\/44"}],"collection":[{"href":"https:\/\/www.warmuseum.ca\/war-of-1812\/wp-json\/wp\/v2\/pages"}],"about":[{"href":"https:\/\/www.warmuseum.ca\/war-of-1812\/wp-json\/wp\/v2\/types\/page"}],"author":[{"embeddable":true,"href":"https:\/\/www.warmuseum.ca\/war-of-1812\/wp-json\/wp\/v2\/users\/1"}],"replies":[{"embeddable":true,"href":"https:\/\/www.warmuseum.ca\/war-of-1812\/wp-json\/wp\/v2\/comments?post=44"}],"version-history":[{"count":12,"href":"https:\/\/www.warmuseum.ca\/war-of-1812\/wp-json\/wp\/v2\/pages\/44\/revisions"}],"predecessor-version":[{"id":285,"href":"https:\/\/www.warmuseum.ca\/war-of-1812\/wp-json\/wp\/v2\/pages\/44\/revisions\/285"}],"wp:attachment":[{"href":"https:\/\/www.warmuseum.ca\/war-of-1812\/wp-json\/wp\/v2\/media?parent=44"}],"curies":[{"name":"wp","href":"https:\/\/api.w.org\/{rel}","templated":true}]}}