{"id":459,"date":"2012-10-31T20:43:04","date_gmt":"2012-10-31T20:43:04","guid":{"rendered":"https:\/\/www.warmuseum.ca\/war-of-1812\/?page_id=459"},"modified":"2012-11-05T19:44:59","modified_gmt":"2012-11-05T19:44:59","slug":"la-guerre-des-canadiens","status":"publish","type":"page","link":"https:\/\/www.warmuseum.ca\/war-of-1812\/explorez-histoire\/la-guerre-des-canadiens\/","title":{"rendered":"La guerre des Canadiens"},"content":{"rendered":"<div id=\"attachment_647\" style=\"width: 635px\" class=\"wp-caption alignnone\"><img loading=\"lazy\" decoding=\"async\" aria-describedby=\"caption-attachment-647\" class=\"size-full wp-image-647 page-image \" title=\"La bataille de Queenston Heights, 13 octobre 1812 \" src=\"https:\/\/www.warmuseum.ca\/war-of-1812\/files\/2012\/10\/3C-GR01-canadian-landing.jpg\" alt=\"La bataille de Queenston Heights, 13 octobre 1812\" width=\"625\" height=\"336\" srcset=\"https:\/\/www.warmuseum.ca\/war-of-1812\/files\/2012\/10\/3C-GR01-canadian-landing.jpg 625w, https:\/\/www.warmuseum.ca\/war-of-1812\/files\/2012\/10\/3C-GR01-canadian-landing-300x161.jpg 300w\" sizes=\"(max-width: 625px) 100vw, 625px\" \/><p id=\"caption-attachment-647\" class=\"wp-caption-text\">La bataille de Queenston Heights, 13 octobre 1812<\/p><\/div>\n<p>Les Canadiens et les Canadiennes v\u00e9curent des invasions \u00e0 r\u00e9p\u00e9tition et des occupations occasionnelles. Chaque invasion se terminait cependant par le retrait des Am\u00e9ricains. Appuy\u00e9es par des soldats r\u00e9guliers canadiens, la milice canadienne et des guerriers des Premiers Peuples, la Royal Navy et l&#8217;arm\u00e9e britannique r\u00e9ussirent \u00e0 d\u00e9fendre le Canada. Isaac Brock, Charles de Salaberry, Laura Secord et Tecumseh devinrent, et demeurent, des figures h\u00e9ro\u00efques canadiennes de cette p\u00e9riode. Le succ\u00e8s obtenu lors de la d\u00e9fense du Canada permit \u00e0 l\u2019Am\u00e9rique du Nord britannique d\u2019\u00e9voluer et de devenir un pays transcontinental ind\u00e9pendant.<\/p>\n","protected":false},"excerpt":{"rendered":"<p>Les Canadiens et les Canadiennes v\u00e9curent des invasions \u00e0 r\u00e9p\u00e9tition et des occupations occasionnelles. Chaque invasion se terminait cependant par le retrait des Am\u00e9ricains. Appuy\u00e9es par des soldats r\u00e9guliers canadiens, la milice canadienne et des guerriers des Premiers Peuples, la Royal Navy et l&#8217;arm\u00e9e britannique r\u00e9ussirent \u00e0 d\u00e9fendre le Canada. Isaac Brock, Charles de Salaberry, [&hellip;]<\/p>\n","protected":false},"author":1,"featured_media":0,"parent":121,"menu_order":3,"comment_status":"open","ping_status":"open","template":"","meta":{"footnotes":""},"_links":{"self":[{"href":"https:\/\/www.warmuseum.ca\/war-of-1812\/wp-json\/wp\/v2\/pages\/459"}],"collection":[{"href":"https:\/\/www.warmuseum.ca\/war-of-1812\/wp-json\/wp\/v2\/pages"}],"about":[{"href":"https:\/\/www.warmuseum.ca\/war-of-1812\/wp-json\/wp\/v2\/types\/page"}],"author":[{"embeddable":true,"href":"https:\/\/www.warmuseum.ca\/war-of-1812\/wp-json\/wp\/v2\/users\/1"}],"replies":[{"embeddable":true,"href":"https:\/\/www.warmuseum.ca\/war-of-1812\/wp-json\/wp\/v2\/comments?post=459"}],"version-history":[{"count":8,"href":"https:\/\/www.warmuseum.ca\/war-of-1812\/wp-json\/wp\/v2\/pages\/459\/revisions"}],"predecessor-version":[{"id":1310,"href":"https:\/\/www.warmuseum.ca\/war-of-1812\/wp-json\/wp\/v2\/pages\/459\/revisions\/1310"}],"up":[{"embeddable":true,"href":"https:\/\/www.warmuseum.ca\/war-of-1812\/wp-json\/wp\/v2\/pages\/121"}],"wp:attachment":[{"href":"https:\/\/www.warmuseum.ca\/war-of-1812\/wp-json\/wp\/v2\/media?parent=459"}],"curies":[{"name":"wp","href":"https:\/\/api.w.org\/{rel}","templated":true}]}}