{"id":463,"date":"2012-10-31T20:44:29","date_gmt":"2012-10-31T20:44:29","guid":{"rendered":"https:\/\/www.warmuseum.ca\/war-of-1812\/?page_id=463"},"modified":"2012-11-05T20:40:47","modified_gmt":"2012-11-05T20:40:47","slug":"la-guerre-des-autochtones-americains","status":"publish","type":"page","link":"https:\/\/www.warmuseum.ca\/war-of-1812\/explorez-histoire\/la-guerre-des-autochtones-americains\/","title":{"rendered":"La guerre des autochtones Am\u00e9ricains"},"content":{"rendered":"<div id=\"attachment_645\" style=\"width: 635px\" class=\"wp-caption alignnone\"><img loading=\"lazy\" decoding=\"async\" aria-describedby=\"caption-attachment-645\" class=\"size-full page-image wp-image-645\" title=\"Des cavaliers du colonel Johnson chargent un groupe form\u00e9 d\u2019artilleurs britanniques et d\u2019Indiens, \u00e0 la bataille qui s\u2019est d\u00e9roul\u00e9e pr\u00e8s de Moravian Town, le 2 octobre 1813\" src=\"https:\/\/www.warmuseum.ca\/war-of-1812\/files\/2012\/10\/3D-GR01-native-american-landing.jpg\" alt=\"Des cavaliers du colonel Johnson chargent un groupe form\u00e9 d\u2019artilleurs britanniques et d\u2019Indiens, \u00e0 la bataille qui s\u2019est d\u00e9roul\u00e9e pr\u00e8s de Moravian Town, le 2 octobre 1813\" width=\"625\" height=\"336\" srcset=\"https:\/\/www.warmuseum.ca\/war-of-1812\/files\/2012\/10\/3D-GR01-native-american-landing.jpg 625w, https:\/\/www.warmuseum.ca\/war-of-1812\/files\/2012\/10\/3D-GR01-native-american-landing-300x161.jpg 300w\" sizes=\"(max-width: 625px) 100vw, 625px\" \/><p id=\"caption-attachment-645\" class=\"wp-caption-text\">Des cavaliers du colonel Johnson chargent un groupe form\u00e9 d\u2019artilleurs britanniques et d\u2019Indiens, \u00e0 la bataille qui s\u2019est d\u00e9roul\u00e9e pr\u00e8s de Moravian Town, le 2 octobre 1813<\/p><\/div>\n<p>Les Autochtones am\u00e9ricains particip\u00e8rent au conflit pour s\u2019assurer le soutien des Britanniques dans leur propre guerre contre les \u00c9tats-Unis. Dirig\u00e9s par Tecumseh, ils jou\u00e8rent un r\u00f4le cl\u00e9 dans la d\u00e9fense du Canada. Mais une victoire am\u00e9ricaine, \u00e0 la bataille de la Thames, en octobre 1813, mena \u00e0 la mort de Tecumseh et \u00e0 l\u2019effritement de la coalition des Autochtones am\u00e9ricains. Pour ces derniers, le r\u00e9sultat de la guerre fut catastrophique\u00a0: ils ne furent plus jamais capables de trouver des alli\u00e9es externes ou de menacer les \u00c9tats-Unis d\u2019un recul de leurs fronti\u00e8res.<\/p>\n","protected":false},"excerpt":{"rendered":"<p>Les Autochtones am\u00e9ricains particip\u00e8rent au conflit pour s\u2019assurer le soutien des Britanniques dans leur propre guerre contre les \u00c9tats-Unis. Dirig\u00e9s par Tecumseh, ils jou\u00e8rent un r\u00f4le cl\u00e9 dans la d\u00e9fense du Canada. Mais une victoire am\u00e9ricaine, \u00e0 la bataille de la Thames, en octobre 1813, mena \u00e0 la mort de Tecumseh et \u00e0 l\u2019effritement de [&hellip;]<\/p>\n","protected":false},"author":1,"featured_media":0,"parent":121,"menu_order":4,"comment_status":"open","ping_status":"open","template":"","meta":{"footnotes":""},"_links":{"self":[{"href":"https:\/\/www.warmuseum.ca\/war-of-1812\/wp-json\/wp\/v2\/pages\/463"}],"collection":[{"href":"https:\/\/www.warmuseum.ca\/war-of-1812\/wp-json\/wp\/v2\/pages"}],"about":[{"href":"https:\/\/www.warmuseum.ca\/war-of-1812\/wp-json\/wp\/v2\/types\/page"}],"author":[{"embeddable":true,"href":"https:\/\/www.warmuseum.ca\/war-of-1812\/wp-json\/wp\/v2\/users\/1"}],"replies":[{"embeddable":true,"href":"https:\/\/www.warmuseum.ca\/war-of-1812\/wp-json\/wp\/v2\/comments?post=463"}],"version-history":[{"count":6,"href":"https:\/\/www.warmuseum.ca\/war-of-1812\/wp-json\/wp\/v2\/pages\/463\/revisions"}],"predecessor-version":[{"id":1347,"href":"https:\/\/www.warmuseum.ca\/war-of-1812\/wp-json\/wp\/v2\/pages\/463\/revisions\/1347"}],"up":[{"embeddable":true,"href":"https:\/\/www.warmuseum.ca\/war-of-1812\/wp-json\/wp\/v2\/pages\/121"}],"wp:attachment":[{"href":"https:\/\/www.warmuseum.ca\/war-of-1812\/wp-json\/wp\/v2\/media?parent=463"}],"curies":[{"name":"wp","href":"https:\/\/api.w.org\/{rel}","templated":true}]}}