{"id":476,"date":"2012-11-01T13:15:33","date_gmt":"2012-11-01T13:15:33","guid":{"rendered":"https:\/\/www.warmuseum.ca\/war-of-1812\/?page_id=476"},"modified":"2012-11-15T16:44:51","modified_gmt":"2012-11-15T16:44:51","slug":"lentree-en-guerre","status":"publish","type":"page","link":"https:\/\/www.warmuseum.ca\/war-of-1812\/explorez-histoire\/la-guerre-des-canadiens\/lentree-en-guerre\/","title":{"rendered":"L\u2019entr\u00e9e en guerre"},"content":{"rendered":"<p>Canadiens et Canadiennes n\u2019avaient aucun grief \u00e0 l\u2019\u00e9gard des \u00c9tats-Unis qui ait justifi\u00e9 les risques d\u2019une guerre. Le Haut-Canada accueillait des immigrants am\u00e9ricains. De nombreuses familles avaient des proches des deux c\u00f4t\u00e9s de la fronti\u00e8re. Les communaut\u00e9s de colons du Haut-Canada et de l\u2019ouest de New York \u00e9taient assez semblables et entretenaient d\u2019\u00e9troites relations sociales et \u00e9conomiques. Une guerre avec les \u00c9tats-Unis \u00e9branlerait ces liens et exposerait les communaut\u00e9s \u00e9mergentes \u00e0 une invasion et \u00e0 la destruction.<\/p>\n<article>\n<div class=\"grid-row\">\n<div class=\"grid grid_4\">\n<a class=\"war-content\" title=\"G\u00e9ographie et guerre\" href=\"https:\/\/www.warmuseum.ca\/war-of-1812\/content_assets\/geographie-et-guerre\/\"><img loading=\"lazy\" decoding=\"async\" class=\"size-full page-image wp-image-1427\" title=\"G\u00e9ographie et guerre\" src=\"https:\/\/www.warmuseum.ca\/war-of-1812\/files\/2012\/10\/3C-GR06-Geography-and-War-thumb.jpg\" alt=\"G\u00e9ographie et guerre\" width=\"305\" height=\"207\" srcset=\"https:\/\/www.warmuseum.ca\/war-of-1812\/files\/2012\/10\/3C-GR06-Geography-and-War-thumb.jpg 305w, https:\/\/www.warmuseum.ca\/war-of-1812\/files\/2012\/10\/3C-GR06-Geography-and-War-thumb-300x203.jpg 300w\" sizes=\"(max-width: 305px) 100vw, 305px\" \/><\/a><p class=\"caption-title\">G\u00e9ographie et guerre<\/p><div class=\"hover-content\"><div class=\"copy\"><p><strong>Haut et Bas-Canada, 1812-1815<\/strong><\/p><pre>MCG<\/pre><\/div><\/div>\n<\/div>\n<div class=\"grid grid_4\">\n<a class=\"war-content\" title=\"Craintes de la guerre\" href=\"https:\/\/www.warmuseum.ca\/war-of-1812\/content_assets\/craintes-de-la-guerre\/\"><img loading=\"lazy\" decoding=\"async\" class=\"size-full page-image wp-image-1436\" title=\"Ferme \u00e9tablie dans une for\u00eat pr\u00e8s de Chatham, 1838\" src=\"https:\/\/www.warmuseum.ca\/war-of-1812\/files\/2012\/10\/3C-GR07-Bush-Farm-near-Chatham-1838-thumb.jpg\" alt=\"Ferme \u00e9tablie dans une for\u00eat pr\u00e8s de Chatham, 1838\" width=\"305\" height=\"207\" srcset=\"https:\/\/www.warmuseum.ca\/war-of-1812\/files\/2012\/10\/3C-GR07-Bush-Farm-near-Chatham-1838-thumb.jpg 305w, https:\/\/www.warmuseum.ca\/war-of-1812\/files\/2012\/10\/3C-GR07-Bush-Farm-near-Chatham-1838-thumb-300x203.jpg 300w\" sizes=\"(max-width: 305px) 100vw, 305px\" \/><\/a><p class=\"caption-title\">Craintes de la guerre <\/p><div class=\"hover-content\"><div class=\"copy\"><p><strong>Ferme \u00e9tablie dans une for\u00eat pr\u00e8s de Chatham, 1838<\/strong><\/p><pre>Aquarelle de Philip Bainbrigge, 1838\r\nBiblioth\u00e8que et Archives Canada, 1983-047-21<\/pre><\/div><\/div>\n<\/div>\n<\/div>\n<div class=\"grid-row\">\n<div class=\"grid grid_4\">\n<a title=\"Un \u00e9tablissement mohawk\" class=\"war-content\" href=\"https:\/\/www.warmuseum.ca\/war-of-1812\/content_assets\/un-etablissement-mohawk\/\"><img loading=\"lazy\" decoding=\"async\" class=\"size-full wp-image-1446 page-image\" title=\"Aper\u00e7u d\u2019un village mohawk\" src=\"https:\/\/www.warmuseum.ca\/war-of-1812\/files\/2012\/10\/3C-GR08-View-of-a-Mohawk-Indian-Village-thumb.jpg\" alt=\"Aper\u00e7u d\u2019un village mohawk\" width=\"305\" height=\"207\" srcset=\"https:\/\/www.warmuseum.ca\/war-of-1812\/files\/2012\/10\/3C-GR08-View-of-a-Mohawk-Indian-Village-thumb.jpg 305w, https:\/\/www.warmuseum.ca\/war-of-1812\/files\/2012\/10\/3C-GR08-View-of-a-Mohawk-Indian-Village-thumb-300x203.jpg 300w\" sizes=\"(max-width: 305px) 100vw, 305px\" \/><\/a><p class=\"caption-title\">Un \u00e9tablissement mohawk<\/p><div class=\"hover-content\"><div class=\"copy\"><p><strong>Aper\u00e7u d\u2019un village mohawk<\/strong><\/p><pre>Aquarelle de Sempronious Stretton, 1805\r\nBiblioth\u00e8que et Archives Canada, 1990-113-1<\/pre><\/div><\/div>\n<\/div>\n<\/div>\n<\/article>\n","protected":false},"excerpt":{"rendered":"<p>Canadiens et Canadiennes n\u2019avaient aucun grief \u00e0 l\u2019\u00e9gard des \u00c9tats-Unis qui ait justifi\u00e9 les risques d\u2019une guerre. Le Haut-Canada accueillait des immigrants am\u00e9ricains. De nombreuses familles avaient des proches des deux c\u00f4t\u00e9s de la fronti\u00e8re. Les communaut\u00e9s de colons du Haut-Canada et de l\u2019ouest de New York \u00e9taient assez semblables et entretenaient d\u2019\u00e9troites relations sociales [&hellip;]<\/p>\n","protected":false},"author":1,"featured_media":0,"parent":459,"menu_order":2,"comment_status":"open","ping_status":"open","template":"","meta":{"footnotes":""},"_links":{"self":[{"href":"https:\/\/www.warmuseum.ca\/war-of-1812\/wp-json\/wp\/v2\/pages\/476"}],"collection":[{"href":"https:\/\/www.warmuseum.ca\/war-of-1812\/wp-json\/wp\/v2\/pages"}],"about":[{"href":"https:\/\/www.warmuseum.ca\/war-of-1812\/wp-json\/wp\/v2\/types\/page"}],"author":[{"embeddable":true,"href":"https:\/\/www.warmuseum.ca\/war-of-1812\/wp-json\/wp\/v2\/users\/1"}],"replies":[{"embeddable":true,"href":"https:\/\/www.warmuseum.ca\/war-of-1812\/wp-json\/wp\/v2\/comments?post=476"}],"version-history":[{"count":16,"href":"https:\/\/www.warmuseum.ca\/war-of-1812\/wp-json\/wp\/v2\/pages\/476\/revisions"}],"predecessor-version":[{"id":2160,"href":"https:\/\/www.warmuseum.ca\/war-of-1812\/wp-json\/wp\/v2\/pages\/476\/revisions\/2160"}],"up":[{"embeddable":true,"href":"https:\/\/www.warmuseum.ca\/war-of-1812\/wp-json\/wp\/v2\/pages\/459"}],"wp:attachment":[{"href":"https:\/\/www.warmuseum.ca\/war-of-1812\/wp-json\/wp\/v2\/media?parent=476"}],"curies":[{"name":"wp","href":"https:\/\/api.w.org\/{rel}","templated":true}]}}