{"id":481,"date":"2012-10-31T20:54:42","date_gmt":"2012-10-31T20:54:42","guid":{"rendered":"https:\/\/www.warmuseum.ca\/war-of-1812\/?page_id=481"},"modified":"2012-11-26T17:04:26","modified_gmt":"2012-11-26T17:04:26","slug":"lexperience-de-la-guerre","status":"publish","type":"page","link":"https:\/\/www.warmuseum.ca\/war-of-1812\/explorez-histoire\/la-guerre-des-canadiens\/lexperience-de-la-guerre\/","title":{"rendered":"L\u2019exp\u00e9rience de la guerre"},"content":{"rendered":"<div class=\"accordion\">\n<h2>Les forces r\u00e9guli\u00e8res britanniques<\/h2>\n<div class=\"accordionPane\">\n<p>L\u2019arm\u00e9e britannique fournit un corps de professionnels disciplin\u00e9s, capables d\u2019agir sur le front, ainsi que des artilleurs sp\u00e9cialis\u00e9s, des membres du g\u00e9nie, du personnel m\u00e9dical et des officiers d\u2019\u00e9tat-major.<\/p>\n<div class=\"grid-row\">\n<div class=\"grid grid_4\">\n<a class=\"war-content\" title=\"La bataille de Queenston Heights\" href=\"https:\/\/www.warmuseum.ca\/war-of-1812\/content_assets\/la-bataille-de-queenston-heights\/\"><img loading=\"lazy\" decoding=\"async\" class=\"size-full page-image wp-image-1457\" title=\" La bataille de Queenston Heights, 13 octobre 1812\" src=\"https:\/\/www.warmuseum.ca\/war-of-1812\/files\/2012\/10\/3C-GR01-The-Battle-of-Queenston-Heights-thumb.jpg\" alt=\"La bataille de Queenston Heights, 13 octobre 1812\" width=\"305\" height=\"207\" srcset=\"https:\/\/www.warmuseum.ca\/war-of-1812\/files\/2012\/10\/3C-GR01-The-Battle-of-Queenston-Heights-thumb.jpg 305w, https:\/\/www.warmuseum.ca\/war-of-1812\/files\/2012\/10\/3C-GR01-The-Battle-of-Queenston-Heights-thumb-300x203.jpg 300w\" sizes=\"(max-width: 305px) 100vw, 305px\" \/><\/a><p class=\"caption-title\">La bataille de Queenston Heights<\/p><div class=\"hover-content\"><div class=\"copy\"><p><strong>La bataille de Queenston Heights, 13 octobre 1812<\/strong><\/p><pre>Gravure de John David Kelly, 1896\r\nBiblioth\u00e8que et Archives Canada, 1954-153-1<\/pre><\/div><\/div>\n<\/div>\n<div class=\"grid grid_4\">\n<a class=\"war-content\" title=\"Tunique d\u2019Isaac Brock\" href=\"https:\/\/www.warmuseum.ca\/war-of-1812\/content_assets\/tunique-disaac-brock\/\"><img loading=\"lazy\" decoding=\"async\" class=\"size-full page-image wp-image-1467\" title=\"Tunique d\u2019officier\" src=\"https:\/\/www.warmuseum.ca\/war-of-1812\/files\/2012\/10\/3C-GR09-Brock-Coat-thumb-19670070-009.jpg\" alt=\"Tunique d\u2019officier\" width=\"305\" height=\"207\" srcset=\"https:\/\/www.warmuseum.ca\/war-of-1812\/files\/2012\/10\/3C-GR09-Brock-Coat-thumb-19670070-009.jpg 305w, https:\/\/www.warmuseum.ca\/war-of-1812\/files\/2012\/10\/3C-GR09-Brock-Coat-thumb-19670070-009-300x203.jpg 300w\" sizes=\"(max-width: 305px) 100vw, 305px\" \/><\/a><p class=\"caption-title\">Tunique d\u2019Isaac Brock<\/p><div class=\"hover-content\"><div class=\"copy\"><p><strong>Tunique d\u2019officier<\/strong><\/p><pre>MCG 19670070-009<\/pre><\/div><\/div>\n<\/div>\n<\/div>\n<div class=\"grid-row\">\n<div class=\"grid grid_4\">\n<a class=\"war-content\" title=\"Toute la lumi\u00e8re sur la tunique de Sir Brock\" href=\"https:\/\/www.warmuseum.ca\/war-of-1812\/content_assets\/toute-la-lumiere-sur-la-tunique-de-sir-brock\/\"><img loading=\"lazy\" decoding=\"async\" class=\"size-Inline Gallery page-image Thumbnails wp-image-2289\" title=\"Toute la lumi\u00e8re sur la tunique de Sir Brock\" src=\"https:\/\/www.warmuseum.ca\/war-of-1812\/files\/2012\/10\/making-of-coat1.jpg\" alt=\"Toute la lumi\u00e8re sur la tunique de Sir Brock\" width=\"305\" height=\"207\" srcset=\"https:\/\/www.warmuseum.ca\/war-of-1812\/files\/2012\/10\/making-of-coat1.jpg 305w, https:\/\/www.warmuseum.ca\/war-of-1812\/files\/2012\/10\/making-of-coat1-300x203.jpg 300w\" sizes=\"(max-width: 305px) 100vw, 305px\" \/><\/a><p class=\"caption-title\">Toute la lumi\u00e8re sur la tunique de Sir Brock<\/p><div class=\"hover-content\"><div class=\"copy\"><p><strong><\/strong><\/p><pre><\/pre><\/div><\/div>\n<\/div>\n<\/div>\n<\/div>\n<h2>La Royal Navy<\/h2>\n<div class=\"accordionPane\">\n<p>La Royal Navy assurait la s\u00e9curit\u00e9 des voies maritimes qui permettaient d\u2019approvisionner les colonies pendant qu\u2019\u00e0 l\u2019int\u00e9rieur ses navires de guerre combattaient pour le contr\u00f4le des Grands Lacs et du lac Champlain.<\/p>\n<div class=\"grid-row\">\n<div class=\"grid grid_4\">\n<a class=\"war-content\" title=\"Le capitaine William Mulcaster, de la Royal Navy\" href=\"https:\/\/www.warmuseum.ca\/war-of-1812\/content_assets\/le-capitaine-william-mulcaster-de-la-royal-navy\/\"><img loading=\"lazy\" decoding=\"async\" class=\"size-full page-image wp-image-1475\" title=\"Le capitaine William Mulcaster, de la Royal Navy\" src=\"https:\/\/www.warmuseum.ca\/war-of-1812\/files\/2012\/10\/3C-GR10-Captain-Sir-William-Mulcaster-Royal-Navy-thumb.jpg\" alt=\"Le capitaine William Mulcaster, de la Royal Navy\" width=\"305\" height=\"207\" srcset=\"https:\/\/www.warmuseum.ca\/war-of-1812\/files\/2012\/10\/3C-GR10-Captain-Sir-William-Mulcaster-Royal-Navy-thumb.jpg 305w, https:\/\/www.warmuseum.ca\/war-of-1812\/files\/2012\/10\/3C-GR10-Captain-Sir-William-Mulcaster-Royal-Navy-thumb-300x203.jpg 300w\" sizes=\"(max-width: 305px) 100vw, 305px\" \/><\/a><p class=\"caption-title\">Le capitaine William Mulcaster, de la Royal Navy<\/p><div class=\"hover-content\"><div class=\"copy\"><p><strong>Le capitaine William Howe Mulcaster<\/strong><\/p><pre>Peinture de Jean-Louis Canon, 1830\r\nCollection d\u2019art militaire Beaverbrook\r\nMCG 19840133-006<\/pre><\/div><\/div>\n<\/div>\n<div class=\"grid grid_4\">\n<a class=\"war-content\" title=\"La guerre de 1812 sur la c\u00f4te du Pacifique\" href=\"https:\/\/www.warmuseum.ca\/war-of-1812\/content_assets\/la-guerre-de-1812-sur-la-cote-du-pacifique\/\"><img loading=\"lazy\" decoding=\"async\" class=\"size-full page-image wp-image-1484\" title=\"Fort George, anciennement Fort Astoria\" src=\"https:\/\/www.warmuseum.ca\/war-of-1812\/files\/2012\/10\/3C-GR11-The-War-of-1812-on-the-Pacific-Coast-thumb-040856.jpg\" alt=\"Fort George, anciennement Fort Astoria\" width=\"305\" height=\"207\" srcset=\"https:\/\/www.warmuseum.ca\/war-of-1812\/files\/2012\/10\/3C-GR11-The-War-of-1812-on-the-Pacific-Coast-thumb-040856.jpg 305w, https:\/\/www.warmuseum.ca\/war-of-1812\/files\/2012\/10\/3C-GR11-The-War-of-1812-on-the-Pacific-Coast-thumb-040856-300x203.jpg 300w\" sizes=\"(max-width: 305px) 100vw, 305px\" \/><\/a><p class=\"caption-title\">La guerre de 1812 sur la c\u00f4te du Pacifique<\/p><div class=\"hover-content\"><div class=\"copy\"><p><strong>Fort George, anciennement Fort Astoria<\/strong><\/p><pre>Gravure de Henry James Warre, 1848\r\nBiblioth\u00e8que et Archives Canada, 1970-188-459(A) l<\/pre><\/div><\/div>\n<\/div>\n<\/div>\n<\/div>\n<h2>Les r\u00e9guliers de la colonie<\/h2>\n<div class=\"accordionPane\">\n<p>Les r\u00e9guliers de la colonie \u00e9taient des Britanniques et des sujets britanniques des colonies. Ils constituaient un \u00e9l\u00e9ment essentiel de l\u2019effort en vue de repousser les invasions am\u00e9ricaines du Canada.<\/p>\n<div class=\"grid-row\">\n<div class=\"grid grid_4\">\n<a class=\"war-content\" title=\"Charles de Salaberry, \u00e0 la bataille de la Ch\u00e2teauguay\" href=\"https:\/\/www.warmuseum.ca\/war-of-1812\/content_assets\/charles-de-salaberry-a-la-bataille-de-la-chateauguay\/\"><img loading=\"lazy\" decoding=\"async\" class=\"size-full page-image wp-image-1499\" title=\"La Bataille de Ch\u00e2teauguay\" src=\"https:\/\/www.warmuseum.ca\/war-of-1812\/files\/2012\/10\/3C-GR12-Battle-of-the-Chateauguay-thumb.jpg\" alt=\"La Bataille de Ch\u00e2teauguay\" width=\"305\" height=\"207\" srcset=\"https:\/\/www.warmuseum.ca\/war-of-1812\/files\/2012\/10\/3C-GR12-Battle-of-the-Chateauguay-thumb.jpg 305w, https:\/\/www.warmuseum.ca\/war-of-1812\/files\/2012\/10\/3C-GR12-Battle-of-the-Chateauguay-thumb-300x203.jpg 300w\" sizes=\"(max-width: 305px) 100vw, 305px\" \/><\/a><p class=\"caption-title\">Charles de Salaberry, \u00e0 la bataille de la Ch\u00e2teauguay<\/p><div class=\"hover-content\"><div class=\"copy\"><p><strong>La Bataille de Ch\u00e2teauguay<\/strong><\/p><pre>Peinture de E. H. de Holmfeld, 1896\r\nCh\u00e2teau Ramezay et Mus\u00e9e et site historique de\r\nMontr\u00e9al, Montr\u00e9al, Qu\u00e9bec, 1998.1776<\/pre><\/div><\/div>\n<\/div>\n<div class=\"grid grid_4\">\n<a class=\"war-content\" title=\"Le 104e R\u00e9giment d\u2019infanterie (Nouveau-Brunswick)\" href=\"https:\/\/www.warmuseum.ca\/war-of-1812\/content_assets\/le-104e-regiment-dinfanterie-nouveau-brunswick\/\"><img loading=\"lazy\" decoding=\"async\" class=\"size-full page-image wp-image-1507\" title=\"Secr\u00e9taire portatif du capitaine William Bradley, 104e R\u00e9giment d\u2019infanterie\" src=\"https:\/\/www.warmuseum.ca\/war-of-1812\/files\/2012\/10\/3C-GR13-Captain-William-Bradleys-Portable-Writing-Desk-104th-Regiment-of-Foot-thumb.jpg\" alt=\"Secr\u00e9taire portatif du capitaine William Bradley, 104e R\u00e9giment d\u2019infanterie\" width=\"305\" height=\"207\" srcset=\"https:\/\/www.warmuseum.ca\/war-of-1812\/files\/2012\/10\/3C-GR13-Captain-William-Bradleys-Portable-Writing-Desk-104th-Regiment-of-Foot-thumb.jpg 305w, https:\/\/www.warmuseum.ca\/war-of-1812\/files\/2012\/10\/3C-GR13-Captain-William-Bradleys-Portable-Writing-Desk-104th-Regiment-of-Foot-thumb-300x203.jpg 300w\" sizes=\"(max-width: 305px) 100vw, 305px\" \/><\/a><p class=\"caption-title\">Le 104e R\u00e9giment d\u2019infanterie (Nouveau-Brunswick) <\/p><div class=\"hover-content\"><div class=\"copy\"><p><strong>Secr\u00e9taire portatif du capitaine William Bradley, 104e R\u00e9giment d\u2019infanterie<\/strong><\/p><pre>MCG 19900070-001<\/pre><\/div><\/div>\n<\/div>\n<\/div>\n<\/div>\n<h2>Des civils arm\u00e9s<\/h2>\n<div class=\"accordionPane\">\n<p>Des civils canadiens all\u00e8rent \u00e0 la guerre au sein de la milice et \u00e0 bord de corsaires.<\/p>\n<div class=\"grid-row\">\n<div class=\"grid grid_4\">\n<a class=\"war-content\" title=\"M\u00e9daille militaire de service g\u00e9n\u00e9ral de 1793-1814\" href=\"https:\/\/www.warmuseum.ca\/war-of-1812\/content_assets\/medaille-militaire-de-service-general-de-1793-1814\/\"><img loading=\"lazy\" decoding=\"async\" class=\"size-full page-image wp-image-1515\" title=\"M\u00e9daille militaire de service g\u00e9n\u00e9ral de 1793-1814 avec barrette (Crysler\u2019s Farm) de Joseph Plamondon, de la milice canadienne\" src=\"https:\/\/www.warmuseum.ca\/war-of-1812\/files\/2012\/10\/3C-GR14-Military-General-Service-Medal-thumb.jpg\" alt=\"M\u00e9daille militaire de service g\u00e9n\u00e9ral de 1793-1814 avec barrette (Crysler\u2019s Farm) de Joseph Plamondon, de la milice canadienne\" width=\"305\" height=\"207\" srcset=\"https:\/\/www.warmuseum.ca\/war-of-1812\/files\/2012\/10\/3C-GR14-Military-General-Service-Medal-thumb.jpg 305w, https:\/\/www.warmuseum.ca\/war-of-1812\/files\/2012\/10\/3C-GR14-Military-General-Service-Medal-thumb-300x203.jpg 300w\" sizes=\"(max-width: 305px) 100vw, 305px\" \/><\/a><p class=\"caption-title\">M\u00e9daille militaire de service g\u00e9n\u00e9ral de 1793-1814<\/p><div class=\"hover-content\"><div class=\"copy\"><p><strong>M\u00e9daille militaire de service g\u00e9n\u00e9ral de 1793-1814 avec barrette (Crysler\u2019s Farm) de Joseph Plamondon, de la milice canadienne<\/strong><\/p><pre>Collection comm\u00e9morative Tilston de m\u00e9dailles militaires canadiennes\r\nMCG 19750150-001<\/pre><\/div><\/div>\n<\/div>\n<div class=\"grid grid_4\">\n<a class=\"war-content\" title=\"Navires corsaires\" href=\"https:\/\/www.warmuseum.ca\/war-of-1812\/content_assets\/navires-corsaires\/\"><img loading=\"lazy\" decoding=\"async\" class=\"size-full page-image wp-image-1525\" title=\"La capture du Snap Dragon par Le Martin, 1813\" src=\"https:\/\/www.warmuseum.ca\/war-of-1812\/files\/2012\/10\/3C-GR15-Capture-of-Snap-Dragon-by-The-Martin-1813-thumb.jpg\" alt=\"La capture du Snap Dragon par Le Martin, 1813\" width=\"305\" height=\"207\" srcset=\"https:\/\/www.warmuseum.ca\/war-of-1812\/files\/2012\/10\/3C-GR15-Capture-of-Snap-Dragon-by-The-Martin-1813-thumb.jpg 305w, https:\/\/www.warmuseum.ca\/war-of-1812\/files\/2012\/10\/3C-GR15-Capture-of-Snap-Dragon-by-The-Martin-1813-thumb-300x203.jpg 300w\" sizes=\"(max-width: 305px) 100vw, 305px\" \/><\/a><p class=\"caption-title\">Navires corsaires<\/p><div class=\"hover-content\"><div class=\"copy\"><p><strong>La capture du Snap Dragon par Le Martin, 1813<\/strong><\/p><pre>Peinture d\u2019Irwin John Bevan, entre 1852 et 1940,\r\nThe Mariners\u2019 Museum Newport News, Virginie, 1940.0969.000001<\/pre><\/div><\/div>\n<\/div>\n<\/div>\n<\/div>\n<h2>Guerriers des Premiers Peuples<\/h2>\n<div class=\"accordionPane\">\n<p>Des Premiers Peuples servirent \u00e0 la guerre de 1812 comme alli\u00e9s ind\u00e9pendants de la Couronne.<\/p>\n<div class=\"grid-row\">\n<div class=\"grid grid_4\">\n<a class=\"war-content\" title=\"Tekarihogen (John Brant)\" href=\"https:\/\/www.warmuseum.ca\/war-of-1812\/content_assets\/tekarihogen-john-brant-2\/\"><img loading=\"lazy\" decoding=\"async\" class=\"size-full page-image wp-image-1533\" title=\"Ahyouwaighs, chef des Six-Nations (John Brant)\" src=\"https:\/\/www.warmuseum.ca\/war-of-1812\/files\/2012\/10\/3C-GR16-Ahyouwaighs-Chief-of-the-Six-Nations-thumb.jpg\" alt=\"Ahyouwaighs, chef des Six-Nations (John Brant)\" width=\"305\" height=\"207\" srcset=\"https:\/\/www.warmuseum.ca\/war-of-1812\/files\/2012\/10\/3C-GR16-Ahyouwaighs-Chief-of-the-Six-Nations-thumb.jpg 305w, https:\/\/www.warmuseum.ca\/war-of-1812\/files\/2012\/10\/3C-GR16-Ahyouwaighs-Chief-of-the-Six-Nations-thumb-300x203.jpg 300w\" sizes=\"(max-width: 305px) 100vw, 305px\" \/><\/a><p class=\"caption-title\">Tekarihogen (John Brant)<\/p><div class=\"hover-content\"><div class=\"copy\"><p><strong><em>Ahyouwaighs, chef des Six-Nations (John Brant)<\/em><\/strong><\/p><pre>Peinture de Charles Bird King, 1838, \r\nBiblioth\u00e8que et Archives Canada, C-123161<\/pre><\/div><\/div>\n<\/div>\n<div class=\"grid grid_4\">\n<a class=\"war-content\" title=\"Le canot d\u2019Assiginack\" href=\"https:\/\/www.warmuseum.ca\/war-of-1812\/content_assets\/le-canot-dassiginack\/\"><img loading=\"lazy\" decoding=\"async\" class=\"size-full page-image wp-image-1541\" title=\"Le canot d\u2019Assiginack\" src=\"https:\/\/www.warmuseum.ca\/war-of-1812\/files\/2012\/10\/3C-GR17-The-Assiginack-Canoe-thumb.jpg\" alt=\"Le canot d\u2019Assiginack\" width=\"305\" height=\"207\" srcset=\"https:\/\/www.warmuseum.ca\/war-of-1812\/files\/2012\/10\/3C-GR17-The-Assiginack-Canoe-thumb.jpg 305w, https:\/\/www.warmuseum.ca\/war-of-1812\/files\/2012\/10\/3C-GR17-The-Assiginack-Canoe-thumb-300x203.jpg 300w\" sizes=\"(max-width: 305px) 100vw, 305px\" \/><\/a><p class=\"caption-title\">Le canot d\u2019Assiginack<\/p><div class=\"hover-content\"><div class=\"copy\"><p><strong>Le canot d\u2019Assiginack<\/strong><\/p><pre>MCC 1969-038-001 a-n<\/pre><\/div><\/div>\n<\/div>\n<\/div>\n<\/div>\n<h2>Coinc\u00e9s par la guerre<\/h2>\n<div class=\"accordionPane\">\n<p>La plupart des Canadiens et des Canadiennes ne furent pas touch\u00e9s directement par la guerre. Pour ceux et celles qui le furent, cela a pu s\u2019av\u00e9rer une exp\u00e9rience d\u00e9vastatrice.<\/p>\n<div class=\"grid-row\">\n<div class=\"grid grid_4\">\n<a class=\"war-content\" title=\"Laura Secord\" href=\"https:\/\/www.warmuseum.ca\/war-of-1812\/content_assets\/laura-secord-2\/\"><img loading=\"lazy\" decoding=\"async\" class=\"size-full page-image wp-image-1549\" title=\"Rencontre entre Laura Secord et le lieutenant Fitzgibbon, juin 1813\" src=\"https:\/\/www.warmuseum.ca\/war-of-1812\/files\/2012\/10\/3C-GR18-Laura-Secord-thumb.jpg\" alt=\"Rencontre entre Laura Secord et le lieutenant Fitzgibbon, juin 1813\" width=\"305\" height=\"207\" srcset=\"https:\/\/www.warmuseum.ca\/war-of-1812\/files\/2012\/10\/3C-GR18-Laura-Secord-thumb.jpg 305w, https:\/\/www.warmuseum.ca\/war-of-1812\/files\/2012\/10\/3C-GR18-Laura-Secord-thumb-300x203.jpg 300w\" sizes=\"(max-width: 305px) 100vw, 305px\" \/><\/a><p class=\"caption-title\">Laura Secord<\/p><div class=\"hover-content\"><div class=\"copy\"><p><strong>Rencontre entre Laura Secord et le lieutenant Fitzgibbon, juin 1813\r\n<\/strong><\/p><pre>Peinture de Lorne K. Smith, 1920\r\nBiblioth\u00e8que et Archives Canada, C-011053.<\/pre><\/div><\/div>\n<\/div>\n<div class=\"grid grid_4\"><a class=\"war-content\" title=\"Un symbole de brutalit\u00e9\" href=\"https:\/\/www.warmuseum.ca\/war-of-1812\/content_assets\/un-symbole-de-brutalite\/\"><img loading=\"lazy\" decoding=\"async\" class=\"size-full wp-image-1558 page-image\" title=\"Sermons on Several Subjects [Sermons sur des th\u00e8mes vari\u00e9s]\" src=\"https:\/\/www.warmuseum.ca\/war-of-1812\/files\/2012\/10\/3C-GR19-Sermons-on-Several-Subjects-thumb.jpg\" alt=\"Sermons on Several Subjects [Sermons sur des th\u00e8mes vari\u00e9s]\" width=\"305\" height=\"207\" srcset=\"https:\/\/www.warmuseum.ca\/war-of-1812\/files\/2012\/10\/3C-GR19-Sermons-on-Several-Subjects-thumb.jpg 305w, https:\/\/www.warmuseum.ca\/war-of-1812\/files\/2012\/10\/3C-GR19-Sermons-on-Several-Subjects-thumb-300x203.jpg 300w\" sizes=\"(max-width: 305px) 100vw, 305px\" \/><\/a><p class=\"caption-title\">Un symbole de brutalit\u00e9<\/p><div class=\"hover-content\"><div class=\"copy\"><p><strong>Sermons on Several Subjects [Sermons sur des th\u00e8mes vari\u00e9s]<\/strong><\/p><pre>Addison Library, Niagara-on-the-Lake, Ontario<\/pre><\/div><\/div><\/div>\n<\/div>\n<\/div>\n<\/div>\n","protected":false},"excerpt":{"rendered":"<p>Les forces r\u00e9guli\u00e8res britanniques L\u2019arm\u00e9e britannique fournit un corps de professionnels disciplin\u00e9s, capables d\u2019agir sur le front, ainsi que des artilleurs sp\u00e9cialis\u00e9s, des membres du g\u00e9nie, du personnel m\u00e9dical et des officiers d\u2019\u00e9tat-major. La Royal Navy La Royal Navy assurait la s\u00e9curit\u00e9 des voies maritimes qui permettaient d\u2019approvisionner les colonies pendant qu\u2019\u00e0 l\u2019int\u00e9rieur ses navires [&hellip;]<\/p>\n","protected":false},"author":1,"featured_media":0,"parent":459,"menu_order":3,"comment_status":"open","ping_status":"open","template":"","meta":{"footnotes":""},"_links":{"self":[{"href":"https:\/\/www.warmuseum.ca\/war-of-1812\/wp-json\/wp\/v2\/pages\/481"}],"collection":[{"href":"https:\/\/www.warmuseum.ca\/war-of-1812\/wp-json\/wp\/v2\/pages"}],"about":[{"href":"https:\/\/www.warmuseum.ca\/war-of-1812\/wp-json\/wp\/v2\/types\/page"}],"author":[{"embeddable":true,"href":"https:\/\/www.warmuseum.ca\/war-of-1812\/wp-json\/wp\/v2\/users\/1"}],"replies":[{"embeddable":true,"href":"https:\/\/www.warmuseum.ca\/war-of-1812\/wp-json\/wp\/v2\/comments?post=481"}],"version-history":[{"count":26,"href":"https:\/\/www.warmuseum.ca\/war-of-1812\/wp-json\/wp\/v2\/pages\/481\/revisions"}],"predecessor-version":[{"id":1458,"href":"https:\/\/www.warmuseum.ca\/war-of-1812\/wp-json\/wp\/v2\/pages\/481\/revisions\/1458"}],"up":[{"embeddable":true,"href":"https:\/\/www.warmuseum.ca\/war-of-1812\/wp-json\/wp\/v2\/pages\/459"}],"wp:attachment":[{"href":"https:\/\/www.warmuseum.ca\/war-of-1812\/wp-json\/wp\/v2\/media?parent=481"}],"curies":[{"name":"wp","href":"https:\/\/api.w.org\/{rel}","templated":true}]}}