{"id":486,"date":"2012-10-31T20:56:32","date_gmt":"2012-10-31T20:56:32","guid":{"rendered":"https:\/\/www.warmuseum.ca\/war-of-1812\/?page_id=486"},"modified":"2012-11-27T04:39:40","modified_gmt":"2012-11-27T04:39:40","slug":"resultats-et-lheritage","status":"publish","type":"page","link":"https:\/\/www.warmuseum.ca\/war-of-1812\/explorez-histoire\/la-guerre-des-canadiens\/resultats-et-lheritage\/","title":{"rendered":"R\u00e9sultats et l\u2019h\u00e9ritage"},"content":{"rendered":"<p>La fin des hostilit\u00e9s avec le Canada, encore possession britannique, repr\u00e9sentait une victoire pour les anglophones, les francophones et les Premiers Peuples. Cependant, au fur et \u00e0 mesure que la menace des Am\u00e9ricains diminuait, au Canada, les gouvernements firent preuve de plus d\u2019agressivit\u00e9 dans l\u2019acquisition de territoires appartenant \u00e0 des Premiers Peuples.<\/p>\n<article>\n<div class=\"grid-row\">\n<div class=\"grid grid_4\">\n<a class=\"war-content\" title=\"Tensions continuelles\" href=\"https:\/\/www.warmuseum.ca\/war-of-1812\/content_assets\/tensions-continuelles\/\"><img loading=\"lazy\" decoding=\"async\" class=\"size-full page-image wp-image-1567\" title=\"Les hauts-commissaires britanniques du trait\u00e9 de Washington\" src=\"https:\/\/www.warmuseum.ca\/war-of-1812\/files\/2012\/10\/3C-GR20-The-British-High-Commissioners-for-the-Treaty-of-Washington-thumb.jpg\" alt=\"Les hauts-commissaires britanniques du trait\u00e9 de Washington\" width=\"305\" height=\"207\" srcset=\"https:\/\/www.warmuseum.ca\/war-of-1812\/files\/2012\/10\/3C-GR20-The-British-High-Commissioners-for-the-Treaty-of-Washington-thumb.jpg 305w, https:\/\/www.warmuseum.ca\/war-of-1812\/files\/2012\/10\/3C-GR20-The-British-High-Commissioners-for-the-Treaty-of-Washington-thumb-300x203.jpg 300w\" sizes=\"(max-width: 305px) 100vw, 305px\" \/><\/a><p class=\"caption-title\">Tensions continuelles<\/p><div class=\"hover-content\"><div class=\"copy\"><p><strong>Les hauts-commissaires britanniques du trait\u00e9 de Washington<\/strong><\/p><pre>Matthew B. Brady, Biblioth\u00e8que et Archives Canada, C-002422<\/pre><\/div><\/div>\n<\/div>\n<div class=\"grid grid_4\">\n<a class=\"war-content\" title=\"Affiche de l\u2019Universit\u00e9 Brock\" href=\"https:\/\/www.warmuseum.ca\/war-of-1812\/content_assets\/affiche-de-luniversite-brock\/\"><img loading=\"lazy\" decoding=\"async\" class=\"size-full page-image wp-image-1577\" title=\"Isaac Brock a besoin de toi.\" src=\"https:\/\/www.warmuseum.ca\/war-of-1812\/files\/2012\/10\/3C-GR21-Isaac-Brock-Wants-You-thumb1.jpg\" alt=\"Isaac Brock a besoin de toi.\" width=\"305\" height=\"207\" srcset=\"https:\/\/www.warmuseum.ca\/war-of-1812\/files\/2012\/10\/3C-GR21-Isaac-Brock-Wants-You-thumb1.jpg 305w, https:\/\/www.warmuseum.ca\/war-of-1812\/files\/2012\/10\/3C-GR21-Isaac-Brock-Wants-You-thumb1-300x203.jpg 300w\" sizes=\"(max-width: 305px) 100vw, 305px\" \/><\/a><p class=\"caption-title\">Affiche de l\u2019Universit\u00e9 Brock<\/p><div class=\"hover-content\"><div class=\"copy\"><p><strong>Isaac Brock a besoin de toi.<\/strong><\/p><pre>Affiche de recrutement en temps de paix\r\nMCG 19870052-002<\/pre><\/div><\/div>\n<\/div>\n<\/div>\n<div class=\"grid-row\">\n<div class=\"grid grid_4\">\n<a class=\"war-content\" title=\"Bo\u00eete de chocolat\" href=\"https:\/\/www.warmuseum.ca\/war-of-1812\/content_assets\/boite-de-chocolat\/\"><img loading=\"lazy\" decoding=\"async\" class=\"size-full page-image wp-image-1584\" title=\"Bo\u00eete de chocolat\" src=\"https:\/\/www.warmuseum.ca\/war-of-1812\/files\/2012\/10\/3C-GR22-Laura-Secord-chocolate-box-thumb.jpg\" alt=\"Bo\u00eete de chocolat\" width=\"305\" height=\"207\" srcset=\"https:\/\/www.warmuseum.ca\/war-of-1812\/files\/2012\/10\/3C-GR22-Laura-Secord-chocolate-box-thumb.jpg 305w, https:\/\/www.warmuseum.ca\/war-of-1812\/files\/2012\/10\/3C-GR22-Laura-Secord-chocolate-box-thumb-300x203.jpg 300w\" sizes=\"(max-width: 305px) 100vw, 305px\" \/><\/a><p class=\"caption-title\">Bo\u00eete de chocolat<\/p><div class=\"hover-content\"><div class=\"copy\"><p><strong>Bo\u00eete de chocolat<\/strong><\/p><pre>MCG  20020107-1202<\/pre><\/div><\/div>\n<\/div>\n<\/div>\n<\/article>\n","protected":false},"excerpt":{"rendered":"<p>La fin des hostilit\u00e9s avec le Canada, encore possession britannique, repr\u00e9sentait une victoire pour les anglophones, les francophones et les Premiers Peuples. Cependant, au fur et \u00e0 mesure que la menace des Am\u00e9ricains diminuait, au Canada, les gouvernements firent preuve de plus d\u2019agressivit\u00e9 dans l\u2019acquisition de territoires appartenant \u00e0 des Premiers Peuples.<\/p>\n","protected":false},"author":1,"featured_media":0,"parent":459,"menu_order":4,"comment_status":"open","ping_status":"open","template":"","meta":{"footnotes":""},"_links":{"self":[{"href":"https:\/\/www.warmuseum.ca\/war-of-1812\/wp-json\/wp\/v2\/pages\/486"}],"collection":[{"href":"https:\/\/www.warmuseum.ca\/war-of-1812\/wp-json\/wp\/v2\/pages"}],"about":[{"href":"https:\/\/www.warmuseum.ca\/war-of-1812\/wp-json\/wp\/v2\/types\/page"}],"author":[{"embeddable":true,"href":"https:\/\/www.warmuseum.ca\/war-of-1812\/wp-json\/wp\/v2\/users\/1"}],"replies":[{"embeddable":true,"href":"https:\/\/www.warmuseum.ca\/war-of-1812\/wp-json\/wp\/v2\/comments?post=486"}],"version-history":[{"count":12,"href":"https:\/\/www.warmuseum.ca\/war-of-1812\/wp-json\/wp\/v2\/pages\/486\/revisions"}],"predecessor-version":[{"id":2326,"href":"https:\/\/www.warmuseum.ca\/war-of-1812\/wp-json\/wp\/v2\/pages\/486\/revisions\/2326"}],"up":[{"embeddable":true,"href":"https:\/\/www.warmuseum.ca\/war-of-1812\/wp-json\/wp\/v2\/pages\/459"}],"wp:attachment":[{"href":"https:\/\/www.warmuseum.ca\/war-of-1812\/wp-json\/wp\/v2\/media?parent=486"}],"curies":[{"name":"wp","href":"https:\/\/api.w.org\/{rel}","templated":true}]}}