{"id":498,"date":"2012-10-31T21:02:44","date_gmt":"2012-10-31T21:02:44","guid":{"rendered":"https:\/\/www.warmuseum.ca\/war-of-1812\/?page_id=498"},"modified":"2012-11-15T16:50:48","modified_gmt":"2012-11-15T16:50:48","slug":"lentree-en-guerre","status":"publish","type":"page","link":"https:\/\/www.warmuseum.ca\/war-of-1812\/explorez-histoire\/la-guerre-des-autochtones-americains\/lentree-en-guerre\/","title":{"rendered":"L\u2019entr\u00e9e en guerre"},"content":{"rendered":"<p>Pour les Europ\u00e9ens, la guerre de Sept Ans, celle de l&#8217;Ind\u00e9pendance am\u00e9ricaine et celle de 1812 constitu\u00e8rent des \u00e9v\u00e9nements distincts. Pour les Autochtones am\u00e9ricains, elles faisaient partie d\u2019un m\u00eame combat pour d\u00e9fendre leurs territoires. Lorsque les \u00c9tats-Unis et la Grande-Bretagne entr\u00e8rent en guerre, en 1812, plusieurs d\u2019entre eux saisirent l\u2019occasion de s\u2019allier aux Britanniques. En retour, ils esp\u00e9raient que les armes, les munitions, l\u2019artillerie et les troupes r\u00e9guli\u00e8res de leurs alli\u00e9s leur donneraient les moyens de freiner la colonisation de l\u2019Ouest par les Am\u00e9ricains.<\/p>\n<article>\n<div class=\"grid-row\">\n<div class=\"grid grid_4\">\n<a class=\"war-content\" title=\"Tenskwatawa\" href=\"https:\/\/www.warmuseum.ca\/war-of-1812\/content_assets\/tenskwatawa-2\/\"><img loading=\"lazy\" decoding=\"async\" class=\"size-full page-image wp-image-1599\" title=\"Ten-Squat-a-Way, La porte ouverte, connu comme le proph\u00e8te, fr\u00e8re de Tecumseh\" src=\"https:\/\/www.warmuseum.ca\/war-of-1812\/files\/2012\/10\/3D-GR02-Ten-squat-a-Way-The-Open-Door-thumb.jpg\" alt=\"Ten-Squat-a-Way, La porte ouverte, connu comme le proph\u00e8te, fr\u00e8re de Tecumseh\" width=\"305\" height=\"207\" srcset=\"https:\/\/www.warmuseum.ca\/war-of-1812\/files\/2012\/10\/3D-GR02-Ten-squat-a-Way-The-Open-Door-thumb.jpg 305w, https:\/\/www.warmuseum.ca\/war-of-1812\/files\/2012\/10\/3D-GR02-Ten-squat-a-Way-The-Open-Door-thumb-300x203.jpg 300w\" sizes=\"(max-width: 305px) 100vw, 305px\" \/><\/a><p class=\"caption-title\">Tenskwatawa<\/p><div class=\"hover-content\"><div class=\"copy\"><p><strong>Ten-Squat-a-Way, La porte ouverte, connu comme le mystique, fr\u00e8re de Tecumseh<\/strong><\/p><pre>Peinture de George Catlin, 1830\r\nDon de Mme Joseph Harrison fils\r\nSmithsonian American Art Museum, Washington, D.\u00a0C., 1985.66.279<\/pre><\/div><\/div>\n<\/div>\n<div class=\"grid grid_4\">\n<a class=\"war-content\" title=\"La coalition\" href=\"https:\/\/www.warmuseum.ca\/war-of-1812\/content_assets\/la-coalition\/\"><img loading=\"lazy\" decoding=\"async\" class=\"page-image size-full wp-image-1608\" title=\"La coalition\" src=\"https:\/\/www.warmuseum.ca\/war-of-1812\/files\/2012\/10\/3D-GR06-The-Coalition-map-thumb.jpg\" alt=\"La coalition\" width=\"305\" height=\"207\" srcset=\"https:\/\/www.warmuseum.ca\/war-of-1812\/files\/2012\/10\/3D-GR06-The-Coalition-map-thumb.jpg 305w, https:\/\/www.warmuseum.ca\/war-of-1812\/files\/2012\/10\/3D-GR06-The-Coalition-map-thumb-300x203.jpg 300w\" sizes=\"(max-width: 305px) 100vw, 305px\" \/><\/a><p class=\"caption-title\">La coalition<\/p><div class=\"hover-content\"><div class=\"copy\"><p><strong>Territoires des Autochtones am\u00e9ricains impliqu\u00e9s dans la guerre de 1812<\/strong><\/p><pre>MCG<\/pre><\/div><\/div>\n<\/div>\n<\/div>\n<div class=\"grid-row\">\n<div class=\"grid grid_4\">\n<a class=\"war-content\" title=\"Tecumseh\" href=\"https:\/\/www.warmuseum.ca\/war-of-1812\/content_assets\/tecumseh-2\/\"><img loading=\"lazy\" decoding=\"async\" class=\"size-full page-image wp-image-1616\" title=\"Tecumseh\" src=\"https:\/\/www.warmuseum.ca\/war-of-1812\/files\/2012\/10\/3D-GR03-Tecumseh-thumb.jpg\" alt=\"Tecumseh\" width=\"305\" height=\"207\" srcset=\"https:\/\/www.warmuseum.ca\/war-of-1812\/files\/2012\/10\/3D-GR03-Tecumseh-thumb.jpg 305w, https:\/\/www.warmuseum.ca\/war-of-1812\/files\/2012\/10\/3D-GR03-Tecumseh-thumb-300x203.jpg 300w\" sizes=\"(max-width: 305px) 100vw, 305px\" \/><\/a><p class=\"caption-title\">Tecumseh<\/p><div class=\"hover-content\"><div class=\"copy\"><p><strong><em>Tecumseh<\/em><\/strong><\/p><pre>Esquisse de Gertrude Kearns, 2008\r\nMCG 20120064-002<\/pre><\/div><\/div>\n<\/div>\n<div class=\"grid grid_4\">\n<a class=\"war-content\" title=\"M\u00e9daille de chef, 1814\" href=\"https:\/\/www.warmuseum.ca\/war-of-1812\/content_assets\/medaille-de-chef-1814\/\"><img loading=\"lazy\" decoding=\"async\" class=\"size-full page-image wp-image-1624\" title=\"M\u00e9daille de chef, 1814\" src=\"https:\/\/www.warmuseum.ca\/war-of-1812\/files\/2012\/10\/3D-GR07-1814-Chiefs-Medal-thumb.jpg\" alt=\"M\u00e9daille de chef, 1814\" width=\"305\" height=\"207\" srcset=\"https:\/\/www.warmuseum.ca\/war-of-1812\/files\/2012\/10\/3D-GR07-1814-Chiefs-Medal-thumb.jpg 305w, https:\/\/www.warmuseum.ca\/war-of-1812\/files\/2012\/10\/3D-GR07-1814-Chiefs-Medal-thumb-300x203.jpg 300w\" sizes=\"(max-width: 305px) 100vw, 305px\" \/><\/a><p class=\"caption-title\">M\u00e9daille de chef, 1814<\/p><div class=\"hover-content\"><div class=\"copy\"><p><strong>M\u00e9daille de chef, 1814<\/strong><\/p><pre>Collection comm\u00e9morative Tilston de m\u00e9dailles militaires canadiennes\r\nMCG 19750149-001<\/pre><\/div><\/div>\n<\/div>\n<\/div>\n<\/article>\n","protected":false},"excerpt":{"rendered":"<p>Pour les Europ\u00e9ens, la guerre de Sept Ans, celle de l&#8217;Ind\u00e9pendance am\u00e9ricaine et celle de 1812 constitu\u00e8rent des \u00e9v\u00e9nements distincts. Pour les Autochtones am\u00e9ricains, elles faisaient partie d\u2019un m\u00eame combat pour d\u00e9fendre leurs territoires. Lorsque les \u00c9tats-Unis et la Grande-Bretagne entr\u00e8rent en guerre, en 1812, plusieurs d\u2019entre eux saisirent l\u2019occasion de s\u2019allier aux Britanniques. En [&hellip;]<\/p>\n","protected":false},"author":1,"featured_media":0,"parent":463,"menu_order":2,"comment_status":"open","ping_status":"open","template":"","meta":{"footnotes":""},"_links":{"self":[{"href":"https:\/\/www.warmuseum.ca\/war-of-1812\/wp-json\/wp\/v2\/pages\/498"}],"collection":[{"href":"https:\/\/www.warmuseum.ca\/war-of-1812\/wp-json\/wp\/v2\/pages"}],"about":[{"href":"https:\/\/www.warmuseum.ca\/war-of-1812\/wp-json\/wp\/v2\/types\/page"}],"author":[{"embeddable":true,"href":"https:\/\/www.warmuseum.ca\/war-of-1812\/wp-json\/wp\/v2\/users\/1"}],"replies":[{"embeddable":true,"href":"https:\/\/www.warmuseum.ca\/war-of-1812\/wp-json\/wp\/v2\/comments?post=498"}],"version-history":[{"count":12,"href":"https:\/\/www.warmuseum.ca\/war-of-1812\/wp-json\/wp\/v2\/pages\/498\/revisions"}],"predecessor-version":[{"id":2164,"href":"https:\/\/www.warmuseum.ca\/war-of-1812\/wp-json\/wp\/v2\/pages\/498\/revisions\/2164"}],"up":[{"embeddable":true,"href":"https:\/\/www.warmuseum.ca\/war-of-1812\/wp-json\/wp\/v2\/pages\/463"}],"wp:attachment":[{"href":"https:\/\/www.warmuseum.ca\/war-of-1812\/wp-json\/wp\/v2\/media?parent=498"}],"curies":[{"name":"wp","href":"https:\/\/api.w.org\/{rel}","templated":true}]}}