{"id":503,"date":"2012-10-31T21:04:03","date_gmt":"2012-10-31T21:04:03","guid":{"rendered":"https:\/\/www.warmuseum.ca\/war-of-1812\/?page_id=503"},"modified":"2012-11-15T16:51:05","modified_gmt":"2012-11-15T16:51:05","slug":"lexperience-de-la-guerre","status":"publish","type":"page","link":"https:\/\/www.warmuseum.ca\/war-of-1812\/explorez-histoire\/la-guerre-des-autochtones-americains\/lexperience-de-la-guerre\/","title":{"rendered":"L\u2019exp\u00e9rience de la guerre"},"content":{"rendered":"<div class=\"accordion\">\n<h2>Premiers succ\u00e8s<\/h2>\n<div class=\"accordionPane\">\n<p>Inspir\u00e9s par Tenskwatawa et dirig\u00e9s par Tecumseh, les guerriers jou\u00e8rent un r\u00f4le cl\u00e9 dans la d\u00e9fense du Canada pendant les premi\u00e8res ann\u00e9es de la guerre.<\/p>\n<div class=\"grid-row\">\n<div class=\"grid grid_4\">\n<a class=\"war-content\" title=\"Fort Mackinac\" href=\"https:\/\/www.warmuseum.ca\/war-of-1812\/content_assets\/fort-mackinac-2\/\"><img loading=\"lazy\" decoding=\"async\" class=\"size-full page-image wp-image-1636\" title=\"Michilimackinack, sur le lac Huron\" src=\"https:\/\/www.warmuseum.ca\/war-of-1812\/files\/2012\/10\/3D-GR08-Michilimackinack-on-Lake-Huron-thumb.jpg\" alt=\"Michilimackinack, sur le lac Huron\" width=\"305\" height=\"207\" srcset=\"https:\/\/www.warmuseum.ca\/war-of-1812\/files\/2012\/10\/3D-GR08-Michilimackinack-on-Lake-Huron-thumb.jpg 305w, https:\/\/www.warmuseum.ca\/war-of-1812\/files\/2012\/10\/3D-GR08-Michilimackinack-on-Lake-Huron-thumb-300x203.jpg 300w\" sizes=\"(max-width: 305px) 100vw, 305px\" \/><\/a><p class=\"caption-title\">Fort Mackinac<\/p><div class=\"hover-content\"><div class=\"copy\"><p><strong>Michilimackinack, sur le lac Huron<\/strong><\/p><pre>Gravure de Richard Dillon, 1813\r\nBiblioth\u00e8que et Archives Canada, R9266-1465<\/pre><\/div><\/div>\n<\/div>\n<div class=\"grid grid_4\">\n<a class=\"war-content\" title=\"Casse-t\u00eate \u00e0 pointes\" href=\"https:\/\/www.warmuseum.ca\/war-of-1812\/content_assets\/casse-tete-a-pointes\/\"><img loading=\"lazy\" decoding=\"async\" class=\"size-full page-image wp-image-1645\" title=\"Casse-t\u00eate \u00e0 pointes\" src=\"https:\/\/www.warmuseum.ca\/war-of-1812\/files\/2012\/10\/3D-GR09-Spiked-War-Club-thumb.jpg\" alt=\"Casse-t\u00eate \u00e0 pointes\" width=\"305\" height=\"207\" srcset=\"https:\/\/www.warmuseum.ca\/war-of-1812\/files\/2012\/10\/3D-GR09-Spiked-War-Club-thumb.jpg 305w, https:\/\/www.warmuseum.ca\/war-of-1812\/files\/2012\/10\/3D-GR09-Spiked-War-Club-thumb-300x203.jpg 300w\" sizes=\"(max-width: 305px) 100vw, 305px\" \/><\/a><p class=\"caption-title\">Casse-t\u00eate \u00e0 pointes<\/p><div class=\"hover-content\"><div class=\"copy\"><p><strong>Casse-t\u00eate \u00e0 pointes<\/strong><\/p><pre>MCC 1975-076-007-III-X-331<\/pre><\/div><\/div>\n<\/div>\n<\/div>\n<\/div>\n<h2>La bataille de la Thames<\/h2>\n<div class=\"accordionPane\">\n<p>La bataille de la Thames marqua la fin de la coalition de Tenskwatawa comme force militaire et politique.<\/p>\n<div class=\"grid-row\">\n<div class=\"grid grid_4\">\n<a class=\"war-content\" title=\"La bataille de la Thames\" href=\"https:\/\/www.warmuseum.ca\/war-of-1812\/content_assets\/la-bataille-de-la-thames\/\"><img loading=\"lazy\" decoding=\"async\" class=\"size-full wp-image-1653 page-image\" title=\"Des cavaliers du colonel Johnson chargent un groupe form\u00e9 d\u2019artilleurs britanniques et d\u2019Indiens, \u00e0 la bataille qui s\u2019est d\u00e9roul\u00e9e pr\u00e8s de Moravian Town, le 2 octobre 1813\" src=\"https:\/\/www.warmuseum.ca\/war-of-1812\/files\/2012\/10\/3D-GR01-The-Battle-of-the-Thames-thumb.jpg\" alt=\"Des cavaliers du colonel Johnson chargent un groupe form\u00e9 d\u2019artilleurs britanniques et d\u2019Indiens, \u00e0 la bataille qui s\u2019est d\u00e9roul\u00e9e pr\u00e8s de Moravian Town, le 2 octobre 1813\" width=\"305\" height=\"207\" srcset=\"https:\/\/www.warmuseum.ca\/war-of-1812\/files\/2012\/10\/3D-GR01-The-Battle-of-the-Thames-thumb.jpg 305w, https:\/\/www.warmuseum.ca\/war-of-1812\/files\/2012\/10\/3D-GR01-The-Battle-of-the-Thames-thumb-300x203.jpg 300w\" sizes=\"(max-width: 305px) 100vw, 305px\" \/><\/a><p class=\"caption-title\">La bataille de la Thames<\/p><div class=\"hover-content\"><div class=\"copy\"><p><strong>Des cavaliers du colonel Johnson chargent un groupe form\u00e9 d\u2019artilleurs britanniques et d\u2019Indiens, \u00e0 la bataille qui s\u2019est d\u00e9roul\u00e9e pr\u00e8s de Moravian Town, le 2 octobre 1813<\/strong><\/p><pre>Gravure de Ralf Rawdon Anne S. K. Brown Military Collection, Brown University, Providence, Rhode Island<\/pre><\/div><\/div>\n<\/div>\n<div class=\"grid grid_4\">\n<a class=\"war-content\" title=\"Oshawana\" href=\"https:\/\/www.warmuseum.ca\/war-of-1812\/content_assets\/oshawana-2\/\"><img loading=\"lazy\" decoding=\"async\" class=\"size-full page-image wp-image-1661\" title=\"Le chef Oshawana, vers 1858\" src=\"https:\/\/www.warmuseum.ca\/war-of-1812\/files\/2012\/10\/3D-GR04-Chief-Oshawana-1858-thumb.jpg\" alt=\"Le chef Oshawana, vers 1858\" width=\"305\" height=\"207\" srcset=\"https:\/\/www.warmuseum.ca\/war-of-1812\/files\/2012\/10\/3D-GR04-Chief-Oshawana-1858-thumb.jpg 305w, https:\/\/www.warmuseum.ca\/war-of-1812\/files\/2012\/10\/3D-GR04-Chief-Oshawana-1858-thumb-300x203.jpg 300w\" sizes=\"(max-width: 305px) 100vw, 305px\" \/><\/a><p class=\"caption-title\">Oshawana<\/p><div class=\"hover-content\"><div class=\"copy\"><p><strong>Le chef Oshawana, vers 1858<\/strong><\/p><pre>Biblioth\u00e8que et Archives Canada, C-008543<\/pre><\/div><\/div>\n<\/div>\n<\/div>\n<\/div>\n<h2>Les B\u00e2tons Rouges<\/h2>\n<div class=\"accordionPane\">\n<p>Les guerriers muscogees (Creek), connus sous le nom de B\u00e2tons Rouges, conduisirent leur propre guerre contre les \u00c9tats-Unis en 1813 et en 1814.<\/p>\n<div class=\"grid-row\">\n<div class=\"grid grid_4\">\n<a class=\"war-content\" title=\"La victoire et la d\u00e9faite\" href=\"https:\/\/www.warmuseum.ca\/war-of-1812\/content_assets\/la-victoire-et-la-defaite\/\"><img loading=\"lazy\" decoding=\"async\" class=\"size-full wp-image-1672 page-image\" title=\"La victoire et la d\u00e9faite\" src=\"https:\/\/www.warmuseum.ca\/war-of-1812\/files\/2012\/10\/3D-GR06-Hillis-Hadjo-map-thumb.jpg\" alt=\"La victoire et la d\u00e9faite\" width=\"305\" height=\"207\" srcset=\"https:\/\/www.warmuseum.ca\/war-of-1812\/files\/2012\/10\/3D-GR06-Hillis-Hadjo-map-thumb.jpg 305w, https:\/\/www.warmuseum.ca\/war-of-1812\/files\/2012\/10\/3D-GR06-Hillis-Hadjo-map-thumb-300x203.jpg 300w\" sizes=\"(max-width: 305px) 100vw, 305px\" \/><\/a><p class=\"caption-title\">La victoire et la d\u00e9faite<\/p><div class=\"hover-content\"><div class=\"copy\"><p><strong>Fort Mims et Horseshoe Bend<\/strong><\/p><pre>MCG<\/pre><\/div><\/div>\n<\/div>\n<div class=\"grid grid_4\">\n<a class=\"war-content\" title=\"Hillis Hadjo\" href=\"https:\/\/www.warmuseum.ca\/war-of-1812\/content_assets\/hillis-hadjo-2\/\"><img loading=\"lazy\" decoding=\"async\" class=\"size-full page-image wp-image-1679\" title=\"Autoportrait\" src=\"https:\/\/www.warmuseum.ca\/war-of-1812\/files\/2012\/10\/3D-GR05-Hillis-Hadjo-thumb.jpg\" alt=\"Autoportrait\" width=\"305\" height=\"207\" srcset=\"https:\/\/www.warmuseum.ca\/war-of-1812\/files\/2012\/10\/3D-GR05-Hillis-Hadjo-thumb.jpg 305w, https:\/\/www.warmuseum.ca\/war-of-1812\/files\/2012\/10\/3D-GR05-Hillis-Hadjo-thumb-300x203.jpg 300w\" sizes=\"(max-width: 305px) 100vw, 305px\" \/><\/a><p class=\"caption-title\">Hillis Hadjo<\/p><div class=\"hover-content\"><div class=\"copy\"><p><strong>Autoportrait<\/strong><\/p><pre>Aquarelle de Hillis Hadjo (Josiah Francis), 1815\r\nBritish Museum, Londres, Royaume-Uni<\/pre><\/div><\/div>\n<\/div>\n<\/div>\n<\/div>\n<\/div>\n","protected":false},"excerpt":{"rendered":"<p>Premiers succ\u00e8s Inspir\u00e9s par Tenskwatawa et dirig\u00e9s par Tecumseh, les guerriers jou\u00e8rent un r\u00f4le cl\u00e9 dans la d\u00e9fense du Canada pendant les premi\u00e8res ann\u00e9es de la guerre. La bataille de la Thames La bataille de la Thames marqua la fin de la coalition de Tenskwatawa comme force militaire et politique. Les B\u00e2tons Rouges Les guerriers [&hellip;]<\/p>\n","protected":false},"author":1,"featured_media":0,"parent":463,"menu_order":3,"comment_status":"open","ping_status":"open","template":"","meta":{"footnotes":""},"_links":{"self":[{"href":"https:\/\/www.warmuseum.ca\/war-of-1812\/wp-json\/wp\/v2\/pages\/503"}],"collection":[{"href":"https:\/\/www.warmuseum.ca\/war-of-1812\/wp-json\/wp\/v2\/pages"}],"about":[{"href":"https:\/\/www.warmuseum.ca\/war-of-1812\/wp-json\/wp\/v2\/types\/page"}],"author":[{"embeddable":true,"href":"https:\/\/www.warmuseum.ca\/war-of-1812\/wp-json\/wp\/v2\/users\/1"}],"replies":[{"embeddable":true,"href":"https:\/\/www.warmuseum.ca\/war-of-1812\/wp-json\/wp\/v2\/comments?post=503"}],"version-history":[{"count":17,"href":"https:\/\/www.warmuseum.ca\/war-of-1812\/wp-json\/wp\/v2\/pages\/503\/revisions"}],"predecessor-version":[{"id":2165,"href":"https:\/\/www.warmuseum.ca\/war-of-1812\/wp-json\/wp\/v2\/pages\/503\/revisions\/2165"}],"up":[{"embeddable":true,"href":"https:\/\/www.warmuseum.ca\/war-of-1812\/wp-json\/wp\/v2\/pages\/463"}],"wp:attachment":[{"href":"https:\/\/www.warmuseum.ca\/war-of-1812\/wp-json\/wp\/v2\/media?parent=503"}],"curies":[{"name":"wp","href":"https:\/\/api.w.org\/{rel}","templated":true}]}}