{"id":511,"date":"2012-10-31T21:08:10","date_gmt":"2012-10-31T21:08:10","guid":{"rendered":"https:\/\/www.warmuseum.ca\/war-of-1812\/?page_id=511"},"modified":"2012-11-15T16:54:15","modified_gmt":"2012-11-15T16:54:15","slug":"resultats-et-lheritage","status":"publish","type":"page","link":"https:\/\/www.warmuseum.ca\/war-of-1812\/explorez-histoire\/la-guerre-des-autochtones-americains\/resultats-et-lheritage\/","title":{"rendered":"R\u00e9sultats et l\u2019h\u00e9ritage"},"content":{"rendered":"<p>Les Autochtones am\u00e9ricains, comme les Premiers Peuples canadiens, ne cess\u00e8rent jamais de se battre pour prot\u00e9ger leurs terres et leur culture dans le nouveau monde cr\u00e9\u00e9 par la colonisation des Am\u00e9riques par les Europ\u00e9ens. Cependant, la guerre de 1812 s\u2019av\u00e9ra la derni\u00e8re fois o\u00f9 les Autochtones am\u00e9ricains combattirent par les armes pour d\u00e9fendre leurs territoires avec l\u2019appui d\u2019un puissant alli\u00e9 europ\u00e9en. Deux si\u00e8cles apr\u00e8s sa mort dans le Haut-Canada, Tecumseh demeure un h\u00e9ros autochtone am\u00e9ricain qui personnifie l\u2019unit\u00e9 des tribus, l\u2019humanit\u00e9 en temps de guerre et le leadership militaire.<\/p>\n<article>\n<div class=\"grid-row\">\n<div class=\"grid grid_4\">\n<a class=\"war-content\" title=\"La Piste des larmes\" href=\"https:\/\/www.warmuseum.ca\/war-of-1812\/content_assets\/la-piste-des-larmes\/\"><img loading=\"lazy\" decoding=\"async\" class=\"size-full page-image wp-image-1690\" title=\"\u00ab\u00a0La Piste des larmes\u00a0\u00bb, pi\u00e8ce de monnaie \u00e9mise par les Shawnee\" src=\"https:\/\/www.warmuseum.ca\/war-of-1812\/files\/2012\/10\/3D-GR11-Shawnee-Trail-of-Tears-Coin-thumb.jpg\" alt=\"\u00ab\u00a0La Piste des larmes\u00a0\u00bb, pi\u00e8ce de monnaie \u00e9mise par les Shawnee\" width=\"305\" height=\"207\" srcset=\"https:\/\/www.warmuseum.ca\/war-of-1812\/files\/2012\/10\/3D-GR11-Shawnee-Trail-of-Tears-Coin-thumb.jpg 305w, https:\/\/www.warmuseum.ca\/war-of-1812\/files\/2012\/10\/3D-GR11-Shawnee-Trail-of-Tears-Coin-thumb-300x203.jpg 300w\" sizes=\"(max-width: 305px) 100vw, 305px\" \/><\/a><p class=\"caption-title\">La Piste des larmes<\/p><div class=\"hover-content\"><div class=\"copy\"><p><strong>\u00ab\u00a0La Piste des larmes\u00a0\u00bb, pi\u00e8ce de monnaie \u00e9mise par les Shawnee<\/strong><\/p><pre>MCG LHC 20110103-008<\/pre><\/div><\/div>\n<\/div>\n<div class=\"grid grid_4\">\n<a class=\"war-content\" title=\"Shingwaukonse\" href=\"https:\/\/www.warmuseum.ca\/war-of-1812\/content_assets\/shingwaukonse-2\/\"><img loading=\"lazy\" decoding=\"async\" class=\"size-full page-image wp-image-1699\" title=\"Shingwaukonse\" src=\"https:\/\/www.warmuseum.ca\/war-of-1812\/files\/2012\/10\/3D-GR12-Shingwaukonse-thumb.jpg\" alt=\"Shingwaukonse\" width=\"305\" height=\"207\" srcset=\"https:\/\/www.warmuseum.ca\/war-of-1812\/files\/2012\/10\/3D-GR12-Shingwaukonse-thumb.jpg 305w, https:\/\/www.warmuseum.ca\/war-of-1812\/files\/2012\/10\/3D-GR12-Shingwaukonse-thumb-300x203.jpg 300w\" sizes=\"(max-width: 305px) 100vw, 305px\" \/><\/a><p class=\"caption-title\">Shingwaukonse<\/p><div class=\"hover-content\"><div class=\"copy\"><p><strong>Shingwaukonse<\/strong><\/p><pre>Dick Pine Fonds, Shingwauk Residential Schools Centre, Algoma University, Sault Ste. Marie, Ontario<\/pre><\/div><\/div>\n<\/div>\n<\/div>\n<div class=\"grid-row\">\n<div class=\"grid grid_4\">\n<a class=\"war-content\" title=\"Wapahaska (Whitecap)\" href=\"https:\/\/www.warmuseum.ca\/war-of-1812\/content_assets\/wapahaska-whitecap-2\/\"><img loading=\"lazy\" decoding=\"async\" class=\"size-full page-image wp-image-1707\" title=\"Calendrier, Premi\u00e8re Nation Dakota de Whitecap\" src=\"https:\/\/www.warmuseum.ca\/war-of-1812\/files\/2012\/10\/3D-GR13-Calendar-Whitecap-Dakota-First-Nation-thumb.jpg\" alt=\"Calendrier, Premi\u00e8re Nation Dakota de Whitecap\" width=\"305\" height=\"207\" srcset=\"https:\/\/www.warmuseum.ca\/war-of-1812\/files\/2012\/10\/3D-GR13-Calendar-Whitecap-Dakota-First-Nation-thumb.jpg 305w, https:\/\/www.warmuseum.ca\/war-of-1812\/files\/2012\/10\/3D-GR13-Calendar-Whitecap-Dakota-First-Nation-thumb-300x203.jpg 300w\" sizes=\"(max-width: 305px) 100vw, 305px\" \/><\/a><p class=\"caption-title\">Wapahaska (Whitecap)<\/p><div class=\"hover-content\"><div class=\"copy\"><p><strong>Calendrier, Premi\u00e8re Nation Dakota de Whitecap<\/strong><\/p><pre>MCG<\/pre><\/div><\/div>\n<\/div>\n<div class=\"grid grid_4\">\n<a class=\"war-content\" title=\"Pi\u00e8ce Tecumseh\" href=\"https:\/\/www.warmuseum.ca\/war-of-1812\/content_assets\/piece-tecumseh\/\"><img loading=\"lazy\" decoding=\"async\" class=\"size-full page-image wp-image-1715\" title=\"Pi\u00e8ce Tecumseh\" src=\"https:\/\/www.warmuseum.ca\/war-of-1812\/files\/2012\/10\/3D-GR14-Tecumseh-coin-thumb.jpg\" alt=\"Pi\u00e8ce Tecumseh\" width=\"305\" height=\"207\" srcset=\"https:\/\/www.warmuseum.ca\/war-of-1812\/files\/2012\/10\/3D-GR14-Tecumseh-coin-thumb.jpg 305w, https:\/\/www.warmuseum.ca\/war-of-1812\/files\/2012\/10\/3D-GR14-Tecumseh-coin-thumb-300x203.jpg 300w\" sizes=\"(max-width: 305px) 100vw, 305px\" \/><\/a><p class=\"caption-title\">Pi\u00e8ce Tecumseh<\/p><div class=\"hover-content\"><div class=\"copy\"><p><strong>Pi\u00e8ce Tecumseh<\/strong><\/p><pre>MCG 20110096-001,002<\/pre><\/div><\/div>\n<\/div>\n<\/div>\n<\/article>\n","protected":false},"excerpt":{"rendered":"<p>Les Autochtones am\u00e9ricains, comme les Premiers Peuples canadiens, ne cess\u00e8rent jamais de se battre pour prot\u00e9ger leurs terres et leur culture dans le nouveau monde cr\u00e9\u00e9 par la colonisation des Am\u00e9riques par les Europ\u00e9ens. Cependant, la guerre de 1812 s\u2019av\u00e9ra la derni\u00e8re fois o\u00f9 les Autochtones am\u00e9ricains combattirent par les armes pour d\u00e9fendre leurs territoires [&hellip;]<\/p>\n","protected":false},"author":1,"featured_media":0,"parent":463,"menu_order":4,"comment_status":"open","ping_status":"open","template":"","meta":{"footnotes":""},"_links":{"self":[{"href":"https:\/\/www.warmuseum.ca\/war-of-1812\/wp-json\/wp\/v2\/pages\/511"}],"collection":[{"href":"https:\/\/www.warmuseum.ca\/war-of-1812\/wp-json\/wp\/v2\/pages"}],"about":[{"href":"https:\/\/www.warmuseum.ca\/war-of-1812\/wp-json\/wp\/v2\/types\/page"}],"author":[{"embeddable":true,"href":"https:\/\/www.warmuseum.ca\/war-of-1812\/wp-json\/wp\/v2\/users\/1"}],"replies":[{"embeddable":true,"href":"https:\/\/www.warmuseum.ca\/war-of-1812\/wp-json\/wp\/v2\/comments?post=511"}],"version-history":[{"count":12,"href":"https:\/\/www.warmuseum.ca\/war-of-1812\/wp-json\/wp\/v2\/pages\/511\/revisions"}],"predecessor-version":[{"id":2166,"href":"https:\/\/www.warmuseum.ca\/war-of-1812\/wp-json\/wp\/v2\/pages\/511\/revisions\/2166"}],"up":[{"embeddable":true,"href":"https:\/\/www.warmuseum.ca\/war-of-1812\/wp-json\/wp\/v2\/pages\/463"}],"wp:attachment":[{"href":"https:\/\/www.warmuseum.ca\/war-of-1812\/wp-json\/wp\/v2\/media?parent=511"}],"curies":[{"name":"wp","href":"https:\/\/api.w.org\/{rel}","templated":true}]}}